{"id":3406,"date":"2023-06-22T14:28:14","date_gmt":"2023-06-22T14:28:14","guid":{"rendered":"https:\/\/viiiconference.ruralforum.org\/info-practica\/"},"modified":"2024-01-19T10:57:31","modified_gmt":"2024-01-19T10:57:31","slug":"infos-practiques","status":"publish","type":"page","link":"https:\/\/viiiconference.ruralforum.org\/fr\/infos-practiques\/","title":{"rendered":"Infos practiques"},"content":{"rendered":"\t\t<div data-elementor-type=\"wp-page\" data-elementor-id=\"3406\" class=\"elementor elementor-3406 elementor-2218\" data-elementor-settings=\"{&quot;ha_cmc_init_switcher&quot;:&quot;no&quot;}\">\n\t\t\t\t\t\t<section class=\"elementor-section elementor-top-section elementor-element elementor-element-fdb9b29 elementor-section-boxed elementor-section-height-default elementor-section-height-default\" data-id=\"fdb9b29\" data-element_type=\"section\" data-settings=\"{&quot;_ha_eqh_enable&quot;:false}\">\n\t\t\t\t\t\t<div class=\"elementor-container elementor-column-gap-default\">\n\t\t\t\t\t<div class=\"elementor-column elementor-col-100 elementor-top-column elementor-element elementor-element-edbe386\" data-id=\"edbe386\" data-element_type=\"column\">\n\t\t\t<div class=\"elementor-widget-wrap elementor-element-populated\">\n\t\t\t\t\t\t<div class=\"elementor-element elementor-element-f1b27eb elementor-widget elementor-widget-html\" data-id=\"f1b27eb\" data-element_type=\"widget\" data-settings=\"{&quot;ekit_we_effect_on&quot;:&quot;none&quot;}\" data-widget_type=\"html.default\">\n\t\t\t\t<div class=\"elementor-widget-container\">\n\t\t\t\t\t<div id=\"col1\" class=\"programa\">\n    <div id=\"cont-info\">\n        <div class=\"contac\">\n            <h4 id=\"sede-de-la-conferencia\" class=\"sede padleft30\">LIEU DE LA CONF\u00c9RENCE<\/h4>\n            <p>L'\u00e9v\u00e9nement aura lieu au <a href=\"https:\/\/www.vitoria-gasteiz.org\/wb021\/was\/contenidoAction.do?lang=fr&locale=fr&idioma=fr&uid=u_58a40580_1543202830a__7ee0\" rel=\"external\" target=\"_blank\">Palais des Congr\u00e8s Europa<\/a> en Vitoria-Gasteiz, Espagne<\/p>\n            <p>Addresse : Avenida de Gasteiz, 85, 01009 Vitoria-Gasteiz.<\/p>\n            <p><iframe src=\"https:\/\/www.google.com\/maps\/embed?pb=!1m18!1m12!1m3!1d2924.9829763446605!2d-2.6859349103013286!3d42.85209262950104!2m3!1f0!2f0!3f0!3m2!1i1024!2i768!4f13.1!3m3!1m2!1s0xd4fc23fce022835%3A0x6ebe0a7818811287!2sPalacio%20de%20Congresos%20Europa!5e0!3m2!1ses!2ses!4v1695034474905!5m2!1ses!2ses\" width=\"600\" height=\"450\" style=\"border:0;\" allowfullscreen=\"\" loading=\"lazy\" referrerpolicy=\"no-referrer-when-downgrade\"><\/iframe><\/p>\n            <!-- <div class=\"coord infop\">\n                <p class=\"mi_seccion\">C\u00f3mo llegar:<\/p>\n                <p>En coche: a 5 minutos del Aeropuerto y a 10 minutos de Bilbao. Acceso directo a\/desde autopista.<\/p>\n                <p>En Autob\u00fas: Con <a href=\"http:\/\/apli.bizkaia.net\/apps\/danok\/tq\/index.html?Idioma=ES\" rel=\"external\">Bizkaibus<\/a> L\u00edneas <a href=\"http:\/\/www.deriokoudala.net\/es-ES\/Servicios\/Transportes\/Bizkaibus\/bizkaibus-A3250v.pdf\" target=\"_blank\" rel=\"noopener\">A3250<\/a><a href=\"http:\/\/www.deriokoudala.net\/es-ES\/Servicios\/Transportes\/Bizkaibus\/bizkaibus-A3223i.pdf\" target=\"_blank\" rel=\"noopener\">A3223<\/a><a href=\"http:\/\/www.deriokoudala.net\/es-ES\/Servicios\/Transportes\/Bizkaibus\/bizkaibus-A3517i.pdf\" target=\"_blank\" rel=\"noopener\">A3517<\/a><\/p>\n                <p>En Tren: Euskotren. <a href=\"http:\/\/www.euskotren.eus\/sites\/www2.euskotren.es\/files\/Euskotren_Horario_E3_L3_CARTEL_50x70_Enero2018.pdf\" target=\"_blank\" rel=\"noopener\">L\u00ednea Kukullaga-Lezama<\/a> (parada Derio).<\/p>\n                <\/div> -->\n            <div class=\"coord infop\">\n                <h4 id=\"traslados\" class=\"sede\">FRAIS<\/h4>\n                <p>La Conf\u00e9rence est gratuite.<\/p>\n                <h4 id=\"traslados\" class=\"sede\">TRANSFERTS<\/h4>\n                <p><a href=\"https:\/\/www.vitoria-gasteiz.org\/wb021\/was\/contenidoAction.do?lang=fr&locale=fr&idioma=fr&uid=u3a27921f_126da61747f__7fd4\" target=\"_blank\">Comment s\u2019y rendre<\/a><\/p>\n                <p class=\"mi_seccion\">De l'a\u00e9roport de Bilbao (Loiu) au Palais des Congr\u00e8s Europa (Vitoria-Gasteiz)<\/p>\n                <p>\n                    <ul>\n                        <li><strong>En voiture:<\/strong> 56 minutes de l'a\u00e9roport de Bilbao, sur l'autoroute AP-68.<\/li>\n                        <li><strong>En Bus:<\/strong> avec la <a href=\"http:\/\/apli.bizkaia.net\/APPS\/DANOK\/TQ\/DATOS_PARADAS\/ITINERARIOS\/A3247V.PDF\" target=\"_blank\">ligne A3247<\/a>  de <a href=\"https:\/\/www.bizkaia.eus\/es\/web\/bizkaibus\/lineas\" target=\"_blank\">Bizkaibus<\/a> jusqu'\u00e0 Bilbao Intermodal et ensuite avec la <a href=\"https:\/\/www.autobuseslaunion.com\/wp-content\/uploads\/2023\/08\/A-3714-Bilbao-y-Vitoria-horarios-invierno-2023-2024.pdf\" target=\"_blank\">ligne A\/3714<\/a> d'Autobuses La Uni\u00f3n jusqu'\u00e0 la Gare Routi\u00e8re de Vitoria.<\/li>\n                        <li><strong>Taxi:<\/strong> vous pouvez prendre un taxi de l'a\u00e9roport \u00e0 Vitoria. Le prix de la course est d'environ 135-150 \u20ac. Radio Taxi Femade : (+34) 944 800 909<\/li>\n                    <\/ul>\n                <\/p>\n                <p class=\"mi_seccion\">De l'A\u00e9roport de Vitoria au Palais des Congr\u00e8s Europa<\/p>\n                <p>\n                    <ul>\n                        <li><strong>En voiture:<\/strong> 12 minutes de l'a\u00e9roport de Vitoria.<\/li>\n                        <li><strong>En bus:<\/strong> <a href=\"https:\/\/www.autobuseslaunion.com\/wp-content\/uploads\/2022\/02\/ALU_Aeropuerto_ES.pdf\" target=\"_blank\">Bus La Uni\u00f3n<\/a>, avec arr\u00eat \u00e0 la Gare routi\u00e8re de Vitoria.<\/li>\n                        <li><strong>Taxi:<\/strong> Vous pouvez prendre un taxi \u00e0 l'a\u00e9roport m\u00eame. Radio Taxi (+34) 945 273 500<\/li>\n                    <\/ul>\n                <\/p>\n            <\/div>\n            <!-- <div class=\"coord infop\">\n                <p class=\"mi_seccion\">Servicios de transfer internos<\/p>\n                <p>Asimismo, la organizaci\u00f3n de la Conferencia facilita el traslado en <span class=\"spred\">autob\u00fas<\/span> desde los hoteles oficiales al Hotel Seminario Derio (durante los d\u00edas 25, 26, 27 y 28) as\u00ed como <span class=\"spred\">a las visitas de campo y cena oficial<\/span>.<\/p>\n                <\/div> -->\n            <div class=\"coord infop\">\n                <p class=\"mi_seccion\">Espaces de la conf\u00e9rence:<\/p>\n                <div id=\"plantas\">\n                    <div id=\"mis_plantas\">\n                        <p><strong>REZ-DE-CHAUSS\u00c9E<\/strong><\/p>\n                        <p><a href=\"https:\/\/tourmkr.com\/F1D4lBxavi\/32555512p&162.68h&83.06t\" target=\"_blank\">Hall Nord<\/a> (Accueil et accr\u00e9ditation)<\/p>\n                        <p><a href=\"https:\/\/tourmkr.com\/F1D4lBxavi\/32555525p&185.11h&89.04t\" target=\"_blank\">Rez-de-chauss\u00e9e<\/a> (Galerie d'expositions)<\/p>\n                        <p><a href=\"https:\/\/tourmkr.com\/F1D4lBxavi\/32555499p&176.94h&71.9t\" target=\"_blank\">Auditorio Francisco de Vitoria<\/a> (Sessions pl\u00e9ni\u00e8res)<\/p>\n                        <p><a href=\"https:\/\/tourmkr.com\/F1D4lBxavi\/32555539p&205.14h&83.12t\" target=\"_blank\">Salle Angulema<\/a> (Secr\u00e9tariat technique)<\/p>\n                        <p><a href=\"https:\/\/tourmkr.com\/F1D4lBxavi\/32555537p&208.8h&71.14t\" target=\"_blank\">Salle Mirador<\/a> (Caf\u00e9 et d\u00e9jeuner)<\/p>\n                    <\/div>\n                    <div id=\"mis_plantas\">\n                        <p><strong>\u00c9TAGE 1<\/strong><\/p>\n                        <p><a href=\"https:\/\/tourmkr.com\/F1D4lBxavi\/32555530p&188.96h&88.86t\" target=\"_blank\">Couloir mezzanine<\/a> (Networking)<\/p>\n                    <\/div>\n                <\/div>\n            <\/div>\n            <div class=\"coord infop\">\n                <p class=\"mi_seccion\">Autres espaces:<\/p>\n                <p>\n                    Si vous souhaitez placer le mat\u00e9riel promotionnel de votre organisation, tel que des brochures ou d'autres articles, vous pourrez le faire sur les tables situ\u00e9es dans le <a href=\"https:\/\/tourmkr.com\/F1D4lBxavi\/32555512p&162.68h&83.06t\" target=\"_blank\">Hall Nord<\/a>, au m\u00eame espace que l'accr\u00e9ditation.\n                <\/p>\n            <\/div>\n            <div class=\"coord infop\">\n                <h4 id=\"acreditacion-y-secretaria-tecnica\" class=\"sede\">ACCR\u00c9DITATION ET SECR\u00c9TARIAT TECHNIQUE<\/h4>\n                <p>Pendant les journ\u00e9es de la Conf\u00e9rence, nous serons \u00e0 votre disposition dans le <a href=\"https:\/\/tourmkr.com\/F1D4lBxavi\/32555512p&162.68h&83.06t\" target=\"_blank\">Hall Nord<\/a>. \u00c0 cet espace, nous vous remettrons les documents de la conf\u00e9rence, ainsi que l'accr\u00e9ditation qui vous identifiera en tant que participant(e).<\/p>\n                <p>Notez que l'accr\u00e9ditation est personnelle et incessible et qu'elle devra \u00eatre port\u00e9e de mani\u00e8re visible \u00e0 tout moment pendant les \u00e9v\u00e9nements de la Conf\u00e9rence (sessions et visites) auxquels vous participerez.<\/p>\n            <\/div>\n            <div class=\"coord infop\">\n                <p class=\"mi_seccion\">Secr\u00e9tariat technique<\/p>\n                <p class=\"pl-25\">Txaro Mardaratz: +34 656 731 795 \/ <a href=\"mailto:wrfconference@ruralforum.org\">wrfconference@ruralforum.org<\/a>\n                <p class=\"pl-25\">Iratxe Hern\u00e1ndez: +34 664 297 544 \/ <a href=\"mailto:wrfconference2@ruralforum.org\">wrfconference2@ruralforum.org<\/a>\n                <\/p>\n            <\/div>\n            <div class=\"coord infop\">\n                <h4 id=\"traduccion-simultanea\" class=\"sede\">INTERPR\u00c9TATION SIMULTAN\u00c9E<\/h4>\n                <p>Des services d'interpr\u00e9tation simultan\u00e9e seront fournis en espagnol, anglais et fran\u00e7ais tout au cours de la Conf\u00e9rence. Lors de la s\u00e9ance d\u2019ouverture, il y aura \u00e9galement une traduction simultan\u00e9e en basque.<\/p>\n            <\/div>\n            <div class=\"coord infop\">\n                <h4 id=\"acceso-a-internet\" class=\"sede\">ACC\u00c8S INTERNET<\/h4>\n                <p>L'acc\u00e8s gratuit au WiFi sera disponible dans toutes les salles du Palais Europa pendant la Conf\u00e9rence.<\/p>\n            <\/div>\n            <div class=\"coord infop\">\n                <h4 id=\"alojamiento\" class=\"sede\">HEBERGEMENT<\/h4>\n                <p>Les h\u00f4tels recommand\u00e9s par l'organisation sont \u00e9num\u00e9r\u00e9s ci-dessous.  <\/p>\n                <p class=\"mi_seccion\">H\u00f4tels officiels<\/p>\n                <div class=\"contHoteles\">\n                    <div class=\"hotel\">\n                        <p><strong>B&B HOTEL Vitoria General \u00c1lava<\/strong><\/p>\n                        <p>Avda. Gasteiz, 79, 01009 Vitoria, Araba.<\/p>\n                        <p>140m - 2 min \u00e0 pied.<\/p>\n                        <p>T\u00e9l\u00e9phone: +34 945 21 50 00.<\/p>\n                        <p><a href=\"mailto:hotel.vitoria@hotelbb.com\" target=\"_blank\">Email<\/a> | <a href=\"https:\/\/www.hotel-bb.com\/fr\/hotel\/vitoria-general-alava\"target=\"_blank\" rel=\"noopener\">Web<\/a><\/p>\n                        <p>Price approx. 110-120\u20ac.<\/p>\n                    <\/div>\n                    <div class=\"hotel\">\n                        <p><strong>Silken Ciudad de Vitoria<\/strong><\/p>\n                        <p>Portal de Castilla, 8. 01008, Vitoria, Araba.<\/p>\n                        <p>1km - 14min \u00e0 pied.<\/p>\n                        <p>T\u00e9l\u00e9phone: +34 945 141 100.<\/p>\n                        <p><a href=\"https:\/\/www.hoteles-silken.com\/es\/hotel-ciudad-vitoria\/\"target=\"_blank\" rel=\"noopener\">Web<\/a><\/p>\n                        <p>Price approx. 85-95\u20ac.<\/p>\n                    <\/div>\n                    <div class=\"hotel\">\n                        <p><strong>NH Canciller Ayala Vitoria<\/strong><\/p>\n                        <p>Ram\u00f3n y Cajal, 5, 01007 Vitoria, Araba.<\/p>\n                        <p>1,1km \u2013 15min \u00e0 pied.<\/p>\n                        <p>T\u00e9l\u00e9phone: +34 91 600 81 46.<\/p>\n                        <p><a href=\"mailto:nhcancillerayalavitoria@nh-hotels.com\">Email<\/a> | <a href=\"https:\/\/www.nh-hotels.com\/es\/hotel\/nh-canciller-ayala-vitoria?campid=8435708&gclid=CjwKCAjwjaWoBhAmEiwAXz8DBfxcScKx0W8Fy6ZzVrzi3SYGGgPL4C_Vt4NfxiE-SFUN2psqYmaHdxoCo6wQAvD_BwE&gclsrc=aw.ds\" target=\"_blank\" rel=\"noopener\">Web<\/a><\/p>\n                        <p>Price approx. 110-120\u20ac.<\/p>\n                    <\/div>\n                    <div class=\"hotel\">\n                        <p><strong>Kora Green Apartahotel<\/strong><\/p>\n                        <p>Plaza del Renacimiento, 12, 01004 Vitoria, Araba.<\/p>\n                        <p>2km - 26 min \u00e0 pied \/ 13min en tramway.<\/p>\n                        <p>T\u00e9l\u00e9phone: +34 945 21 53 33.<\/p>\n                        <p><a href=\"mailto:greencity@koraliving.com\">Email<\/a> | <a href=\"https:\/\/www.koragreencity.com\/es\/\" target=\"_blank\" rel=\"noopener\">Web<\/a><\/p>\n                        <p>Price approx. 60- 80\u20ac.<\/p>\n                    <\/div>  \n                    <div class=\"hotel\">\n                        <p><strong>Gran Hotel Lakua<\/strong><\/p>\n                        <p>Calle Tarragona, 8, 01010 Vitoria, Araba.<\/p>\n                        <p>2,1km \u2013 30 min \u00e0 pied \/ 18min en tramway.<\/p>\n                        <p>T\u00e9l\u00e9phone: +34 945 181 000.<\/p>\n                        <p><a href=\"mailto:recepcion@granhotellakua.com\">Email<\/a> | <a href=\"http:\/\/www.granhotelakua.com\/\" target=\"_blank\" rel=\"noopener\">Web<\/a><\/p>\n                        <p>Price approx. 100-110\u20ac.<\/p>\n                    <\/div>  \n                <\/div>\n\n\n\n            <\/div>\n            <div class=\"coord infop\">\n                <h4 id=\"almuerzos-y-cenas\" class=\"sede\">REPAS<\/h4>\n                <p>Les d\u00e9jeuners et d\u00eeners seront inclus pour les participant(e)s \u00e0 la Conf\u00e9rence.<\/p>\n                <div id=\"cont-tabla\">\n                  <div style=\"overflow-x:auto;\">\n                    <table id=\"comidas\">\n                        <tbody>\n                            <tr>\n                                <td>19 mars<\/td>\n                                <td>D\u00e9jeuner<\/td>\n                                <td><a href=\"https:\/\/tourmkr.com\/F1D4lBxavi\/32555537p&208.8h&71.14t\" target=\"_blank\">Espace Mirador<\/a> (Palais des Congr\u00e8s Europa)<\/td>\n                                <td>13h:00<\/td>\n                            <\/tr>\n                            <tr>\n                                <td>20 mars<\/td>\n                                <td>D\u00e9jeuner<\/td>\n                                <td><a href=\"https:\/\/tourmkr.com\/F1D4lBxavi\/32555537p&208.8h&71.14t\" target=\"_blank\">Espace Mirador<\/a> (Palais des Congr\u00e8s Europa)<\/td>\n                                <td>13h:00<\/td>\n                            <\/tr>\n                            <tr>\n                                <td>21 mars<\/td>\n                                <td>D\u00e9jeuner<\/td>\n                                <td><a href=\"https:\/\/tourmkr.com\/F1D4lBxavi\/32555537p&208.8h&71.14t\" target=\"_blank\">Espace Mirador<\/a> (Palais des Congr\u00e8s Europa)<\/td>\n                                <td>13h:00<\/td>\n                            <\/tr>\n                            <tr>\n                                <td><\/td>\n                                <td>D\u00eener<\/td>\n                                <td>\u00c0 confirmer<\/td>\n                                <td>19h:30<\/td>\n                            <\/tr>\n                        <\/tbody>\n                    <\/table>\n                  <\/div>\n                <\/div>\n            <\/div>\n            <div class=\"coord infop\">\n                <h4 id=\"otras-informaciones\" class=\"sede\">INFORMATIONS DIVERSES<\/h4>\n                <ul id=\"lstInformaciones\" class=\"lstInfo\">\n                    <li><span class=\"spred\">M\u00e9t\u00e9o : <\/span>\u00e0 cette \u00e9poque de l'ann\u00e9e, le temps est impr\u00e9visible et on peut s'attendre \u00e0 des temp\u00e9ratures particuli\u00e8rement froides le soir et le matin. Les temp\u00e9ratures peuvent varier entre 0 et 20\u00baC. Il est recommand\u00e9 aux participants d'apporter des v\u00eatements chauds.<\/li>\n                    <li><span class=\"spred\">Tension \u00e9lectrique: <\/span>220V avec deux prises rondes. Bouchon de type C.<br>\n                    <li><span class=\"spred\">Heure: <\/span> GMT + 1.<\/li>\n                    <li><span class=\"spred\">Monnaie: <\/span>La seule monnaie utilisable dans le pays est l\u2019EURO (1 euro = 1,09 USD) (1 USD = 0,91 euros). Les cartes de cr\u00e9dit et d\u00e9bit sont g\u00e9n\u00e9ralement accept\u00e9es. Il est conseill\u00e9 de changer les devises \u00e0 votre lieu d'origine.<\/li>\n                    <li>\n                        <span class=\"spred\">Dictionnaire practique: <\/span><br>\n                    <\/li>\n                  <\/ul>\n                      \n                        <div style=\"overflow-x:auto;\">\n                          <table id=\"tDic\">\n                              <tbody>\n                                  <tr>\n                                      <th>Espagnol<\/th>\n                                      <th>Euskara<\/th>\n                                      <th>Anglais<\/th>\n                                      <th>Fran\u00e7ais<\/th>\n                                  <\/tr>\n                                  <tr>\n                                      <td>\u00a1Hola!<\/td>\n                                      <td>Kaixo!<\/td>\n                                      <td>Hello<\/td>\n                                      <td>Salut !<\/td>\n                                  <\/tr>\n                                  <tr>\n                                      <td>Gracias<\/td>\n                                      <td>Eskerrik asko<\/td>\n                                      <td>Thank you<\/td>\n                                      <td>Merci<\/td>\n                                  <\/tr>\n                                  <tr>\n                                      <td>Por favor<\/td>\n                                      <td>Mesedez<\/td>\n                                      <td>Please<\/td>\n                                      <td>S\u2019il vous pla\u00eet<\/td>\n                                  <\/tr>\n                                  <tr>\n                                      <td>Perd\u00f3n<\/td>\n                                      <td>Barkatu<\/td>\n                                      <td>Sorry<\/td>\n                                      <td>Pardon<\/td>\n                                  <\/tr>\n                                  <tr>\n                                      <td>Agua, por favor<\/td>\n                                      <td>Ura, mesedez<\/td>\n                                      <td>Water, please<\/td>\n                                      <td>De l\u2019eau, s\u2019il vous pla\u00eet<\/td>\n                                  <\/tr>\n                                  <tr>\n                                      <td>\u00a1Buen provecho!<\/td>\n                                      <td>On egin!<\/td>\n                                      <td>Enjoy your meal!<\/td>\n                                      <td>Bon app\u00e9tit!<\/td>\n                                  <\/tr>\n                                  <tr>\n                                      <td>\u00a1Delicioso!<\/td>\n                                      <td>Oso ona!<\/td>\n                                      <td>Delicious!<\/td>\n                                      <td>D\u00e9licieux!<\/td>\n                                  <\/tr>\n                              <\/tbody>\n                          <\/table>\n                        <\/div>\n                    \n            <\/div>\n            <div class=\"coord infop\">\n                <h4 id=\"prensa-y-comunicacion\" class=\"sede\">DANS LA VILLE<\/h4>\n                <p>Vitoria-Gasteiz est une ville facilement accessible \u00e0 pied. Les distances ne sont pas longues et la majeure partie de la ville est plate. De toute fa\u00e7on, vous pouvez utiliser les transports publics (<a href=\"https:\/\/www.euskotren.eus\/fr\/tranvia\/horarios\" target=\"_blank\">tramway<\/a> et <a href=\"https:\/\/www.vitoria-gasteiz.org\/wb021\/was\/contenidoAction.do?lang=fr&locale=fr&idioma=fr&uid=3cd3619b_11cc0f19a54__7ff1\" target=\"_blank\">bus<\/a>) - <a href=\"https:\/\/www.vitoria-gasteiz.org\/wb021\/was\/contenidoAction.do?lang=fr&locale=fr&idioma=fr&uid=u_608f5eff_12d0d73af5c__7ff8\" target=\"_blank\">Se d\u00e9placer dans la ville<\/a><\/p>\n                <p>Pour se rendre au lieu de la Conf\u00e9rence en tramway, il faut descendre \u00e0 l'arr\u00eat \"Europa\", juste en face du Palais Europa. En bus, les lignes L1, L5 et L8 permettent d'acc\u00e9der facilement.<\/p>\n                <p>Si vous arrivez \u00e0 Vitoria en voiture, vous trouverez un grand nombre de parkings dans la ville - <a href=\"https:\/\/www.vitoria-gasteiz.org\/wb021\/was\/contenidoAction.do?lang=fr&locale=fr&idioma=fr&uid=38d7c3f5_1212de88e95__7fda\" target=\"_blank\">O\u00d9 SE PARQUER<\/a>.<\/p>\n                <ul>\n                    <li><b>Taxis<\/b>: <a href=\"https:\/\/www.rtaxigasteiz.com\/index.php\" target=\"_blank\">Radio Taxi Gasteiz<\/a> +34 945 273 500 (24h) - <a href=\"http:\/\/www.grupoceledon.com\/\" target=\"_blank\">Grupo Celed\u00f3n<\/a> +34 945 272 000<\/li>\n                    <li><a href=\"https:\/\/www.vitoria-gasteiz.org\/wb021\/was\/contenidoAction.do?lang=fr&locale=fr&idioma=fr&uid=u42a28001_1259b4eec2f__7faa\" target=\"_blank\">Tourisme \u00e0 Vitoria-Gasteiz<\/a><\/li>\n                    <li><a href=\"https:\/\/www.vitoria-gasteiz.org\/wb021\/was\/contenidoAction.do?lang=fr&locale=fr&idioma=fr&uid=u7e5a2401_12620fcddfa__7fc1\" target=\"_blank\">O\u00f9 manger<\/a><\/li>\n                <\/ul>\n            <\/div>\n        <\/div>\n    <\/div>\n<\/div>\n\t\t\t\t<\/div>\n\t\t\t\t<\/div>\n\t\t\t\t\t<\/div>\n\t\t<\/div>\n\t\t\t\t\t<\/div>\n\t\t<\/section>\n\t\t\t\t<\/div>\n\t\t","protected":false},"excerpt":{"rendered":"<p>LIEU DE LA CONF\u00c9RENCE L&rsquo;\u00e9v\u00e9nement aura lieu au Palais des Congr\u00e8s Europa en Vitoria-Gasteiz, Espagne Addresse : Avenida de Gasteiz, 85, 01009 Vitoria-Gasteiz. FRAIS La Conf\u00e9rence est gratuite. TRANSFERTS Comment s\u2019y rendre De l&rsquo;a\u00e9roport de Bilbao (Loiu) au Palais des Congr\u00e8s Europa (Vitoria-Gasteiz) En voiture: 56 minutes de l&rsquo;a\u00e9roport de Bilbao, sur l&rsquo;autoroute AP-68. En [&hellip;]<\/p>\n","protected":false},"author":1,"featured_media":0,"parent":0,"menu_order":0,"comment_status":"closed","ping_status":"closed","template":"","meta":{"footnotes":""},"class_list":["post-3406","page","type-page","status-publish","hentry"],"_links":{"self":[{"href":"https:\/\/viiiconference.ruralforum.org\/fr\/wp-json\/wp\/v2\/pages\/3406","targetHints":{"allow":["GET"]}}],"collection":[{"href":"https:\/\/viiiconference.ruralforum.org\/fr\/wp-json\/wp\/v2\/pages"}],"about":[{"href":"https:\/\/viiiconference.ruralforum.org\/fr\/wp-json\/wp\/v2\/types\/page"}],"author":[{"embeddable":true,"href":"https:\/\/viiiconference.ruralforum.org\/fr\/wp-json\/wp\/v2\/users\/1"}],"replies":[{"embeddable":true,"href":"https:\/\/viiiconference.ruralforum.org\/fr\/wp-json\/wp\/v2\/comments?post=3406"}],"version-history":[{"count":46,"href":"https:\/\/viiiconference.ruralforum.org\/fr\/wp-json\/wp\/v2\/pages\/3406\/revisions"}],"predecessor-version":[{"id":4771,"href":"https:\/\/viiiconference.ruralforum.org\/fr\/wp-json\/wp\/v2\/pages\/3406\/revisions\/4771"}],"wp:attachment":[{"href":"https:\/\/viiiconference.ruralforum.org\/fr\/wp-json\/wp\/v2\/media?parent=3406"}],"curies":[{"name":"wp","href":"https:\/\/api.w.org\/{rel}","templated":true}]}}