{"id":3418,"date":"2023-06-22T14:25:58","date_gmt":"2023-06-22T14:25:58","guid":{"rendered":"https:\/\/viiiconference.ruralforum.org\/presentacion\/"},"modified":"2023-09-19T10:47:16","modified_gmt":"2023-09-19T10:47:16","slug":"presentation","status":"publish","type":"page","link":"https:\/\/viiiconference.ruralforum.org\/fr\/presentation\/","title":{"rendered":"Presentation"},"content":{"rendered":"\t\t<div data-elementor-type=\"wp-page\" data-elementor-id=\"3418\" class=\"elementor elementor-3418 elementor-2203\" data-elementor-settings=\"{&quot;ha_cmc_init_switcher&quot;:&quot;no&quot;}\">\n\t\t\t\t\t\t<section class=\"elementor-section elementor-top-section elementor-element elementor-element-efb1c0c elementor-section-boxed elementor-section-height-default elementor-section-height-default\" data-id=\"efb1c0c\" data-element_type=\"section\" data-settings=\"{&quot;_ha_eqh_enable&quot;:false}\">\n\t\t\t\t\t\t<div class=\"elementor-container elementor-column-gap-default\">\n\t\t\t\t\t<div class=\"elementor-column elementor-col-100 elementor-top-column elementor-element elementor-element-3af3f04\" data-id=\"3af3f04\" data-element_type=\"column\">\n\t\t\t<div class=\"elementor-widget-wrap elementor-element-populated\">\n\t\t\t\t\t\t<div class=\"elementor-element elementor-element-163c0b3 elementor-widget elementor-widget-text-editor\" data-id=\"163c0b3\" data-element_type=\"widget\" data-settings=\"{&quot;ekit_we_effect_on&quot;:&quot;none&quot;}\" data-widget_type=\"text-editor.default\">\n\t\t\t\t<div class=\"elementor-widget-container\">\n\t\t\t\t\t\t\t\t\tConstruire des environnements favorables au d\u00e9veloppement de l&rsquo;agriculture familiale, sur la base de cadres juridiques et institutionnels nationaux, r\u00e9gionaux et multilat\u00e9raux et d&rsquo;engagements politiques susceptibles de s&rsquo;enrichir mutuellement, telle est la cl\u00e9 propos\u00e9e par la <b class=\"txtAzul\">VIII\u00e8me CONF\u00c9RENCE MONDIALE SUR L&rsquo;AGRICULTURE FAMILIALE.<\/b>\t\t\t\t\t\t\t\t<\/div>\n\t\t\t\t<\/div>\n\t\t\t\t\t<\/div>\n\t\t<\/div>\n\t\t\t\t\t<\/div>\n\t\t<\/section>\n\t\t\t\t<section class=\"elementor-section elementor-top-section elementor-element elementor-element-f940ab3 elementor-section-boxed elementor-section-height-default elementor-section-height-default\" data-id=\"f940ab3\" data-element_type=\"section\" id=\"presentacionBotones\" data-settings=\"{&quot;_ha_eqh_enable&quot;:false}\">\n\t\t\t\t\t\t<div class=\"elementor-container elementor-column-gap-default\">\n\t\t\t\t\t<div class=\"elementor-column elementor-col-25 elementor-top-column elementor-element elementor-element-e1c2ae1\" data-id=\"e1c2ae1\" data-element_type=\"column\">\n\t\t\t<div class=\"elementor-widget-wrap elementor-element-populated\">\n\t\t\t\t\t\t<div class=\"elementor-element elementor-element-f242438 elementor-align-center elementor-widget elementor-widget-button\" data-id=\"f242438\" data-element_type=\"widget\" data-settings=\"{&quot;ekit_we_effect_on&quot;:&quot;none&quot;}\" data-widget_type=\"button.default\">\n\t\t\t\t<div class=\"elementor-widget-container\">\n\t\t\t\t\t\t\t\t\t<div class=\"elementor-button-wrapper\">\n\t\t\t\t\t<a class=\"elementor-button elementor-button-link elementor-size-xl\" href=\"\/fr\/contexte\">\n\t\t\t\t\t\t<span class=\"elementor-button-content-wrapper\">\n\t\t\t\t\t\t\t\t\t<span class=\"elementor-button-text\">CONTEXTE<\/span>\n\t\t\t\t\t<\/span>\n\t\t\t\t\t<\/a>\n\t\t\t\t<\/div>\n\t\t\t\t\t\t\t\t<\/div>\n\t\t\t\t<\/div>\n\t\t\t\t\t<\/div>\n\t\t<\/div>\n\t\t\t\t<div class=\"elementor-column elementor-col-25 elementor-top-column elementor-element elementor-element-6815b5a\" data-id=\"6815b5a\" data-element_type=\"column\">\n\t\t\t<div class=\"elementor-widget-wrap elementor-element-populated\">\n\t\t\t\t\t\t<div class=\"elementor-element elementor-element-14ce2ee elementor-align-center elementor-widget elementor-widget-button\" data-id=\"14ce2ee\" data-element_type=\"widget\" data-settings=\"{&quot;ekit_we_effect_on&quot;:&quot;none&quot;}\" data-widget_type=\"button.default\">\n\t\t\t\t<div class=\"elementor-widget-container\">\n\t\t\t\t\t\t\t\t\t<div class=\"elementor-button-wrapper\">\n\t\t\t\t\t<a class=\"elementor-button elementor-button-link elementor-size-xl\" href=\"\/fr\/objectifs\/\">\n\t\t\t\t\t\t<span class=\"elementor-button-content-wrapper\">\n\t\t\t\t\t\t\t\t\t<span class=\"elementor-button-text\">OBJECTIFS<\/span>\n\t\t\t\t\t<\/span>\n\t\t\t\t\t<\/a>\n\t\t\t\t<\/div>\n\t\t\t\t\t\t\t\t<\/div>\n\t\t\t\t<\/div>\n\t\t\t\t\t<\/div>\n\t\t<\/div>\n\t\t\t\t<div class=\"elementor-column elementor-col-25 elementor-top-column elementor-element elementor-element-1ebdbc4\" data-id=\"1ebdbc4\" data-element_type=\"column\">\n\t\t\t<div class=\"elementor-widget-wrap elementor-element-populated\">\n\t\t\t\t\t\t<div class=\"elementor-element elementor-element-86539d0 elementor-align-center elementor-widget elementor-widget-button\" data-id=\"86539d0\" data-element_type=\"widget\" data-settings=\"{&quot;ekit_we_effect_on&quot;:&quot;none&quot;}\" data-widget_type=\"button.default\">\n\t\t\t\t<div class=\"elementor-widget-container\">\n\t\t\t\t\t\t\t\t\t<div class=\"elementor-button-wrapper\">\n\t\t\t\t\t<a class=\"elementor-button elementor-button-link elementor-size-xl\" href=\"\/fr\/participants\/\">\n\t\t\t\t\t\t<span class=\"elementor-button-content-wrapper\">\n\t\t\t\t\t\t\t\t\t<span class=\"elementor-button-text\">PARTICIPANTS<\/span>\n\t\t\t\t\t<\/span>\n\t\t\t\t\t<\/a>\n\t\t\t\t<\/div>\n\t\t\t\t\t\t\t\t<\/div>\n\t\t\t\t<\/div>\n\t\t\t\t\t<\/div>\n\t\t<\/div>\n\t\t\t\t<div class=\"elementor-column elementor-col-25 elementor-top-column elementor-element elementor-element-9fd0fe8\" data-id=\"9fd0fe8\" data-element_type=\"column\">\n\t\t\t<div class=\"elementor-widget-wrap elementor-element-populated\">\n\t\t\t\t\t\t<div class=\"elementor-element elementor-element-62a00e0 elementor-align-center elementor-widget elementor-widget-button\" data-id=\"62a00e0\" data-element_type=\"widget\" data-settings=\"{&quot;ekit_we_effect_on&quot;:&quot;none&quot;}\" data-widget_type=\"button.default\">\n\t\t\t\t<div class=\"elementor-widget-container\">\n\t\t\t\t\t\t\t\t\t<div class=\"elementor-button-wrapper\">\n\t\t\t\t\t<a class=\"elementor-button elementor-button-link elementor-size-xl\" href=\"\/fr\/methodologie\/\">\n\t\t\t\t\t\t<span class=\"elementor-button-content-wrapper\">\n\t\t\t\t\t\t\t\t\t<span class=\"elementor-button-text\">M\u00c9THODOLOGIE<\/span>\n\t\t\t\t\t<\/span>\n\t\t\t\t\t<\/a>\n\t\t\t\t<\/div>\n\t\t\t\t\t\t\t\t<\/div>\n\t\t\t\t<\/div>\n\t\t\t\t\t<\/div>\n\t\t<\/div>\n\t\t\t\t\t<\/div>\n\t\t<\/section>\n\t\t\t\t<\/div>\n\t\t","protected":false},"excerpt":{"rendered":"<p>Construire des environnements favorables au d\u00e9veloppement de l&rsquo;agriculture familiale, sur la base de cadres juridiques et institutionnels nationaux, r\u00e9gionaux et multilat\u00e9raux et d&rsquo;engagements politiques susceptibles de s&rsquo;enrichir mutuellement, telle est la cl\u00e9 propos\u00e9e par la VIII\u00e8me CONF\u00c9RENCE MONDIALE SUR L&rsquo;AGRICULTURE FAMILIALE. CONTEXTE OBJECTIFS PARTICIPANTS M\u00c9THODOLOGIE<\/p>\n","protected":false},"author":1,"featured_media":0,"parent":0,"menu_order":0,"comment_status":"closed","ping_status":"closed","template":"","meta":{"footnotes":""},"class_list":["post-3418","page","type-page","status-publish","hentry"],"_links":{"self":[{"href":"https:\/\/viiiconference.ruralforum.org\/fr\/wp-json\/wp\/v2\/pages\/3418","targetHints":{"allow":["GET"]}}],"collection":[{"href":"https:\/\/viiiconference.ruralforum.org\/fr\/wp-json\/wp\/v2\/pages"}],"about":[{"href":"https:\/\/viiiconference.ruralforum.org\/fr\/wp-json\/wp\/v2\/types\/page"}],"author":[{"embeddable":true,"href":"https:\/\/viiiconference.ruralforum.org\/fr\/wp-json\/wp\/v2\/users\/1"}],"replies":[{"embeddable":true,"href":"https:\/\/viiiconference.ruralforum.org\/fr\/wp-json\/wp\/v2\/comments?post=3418"}],"version-history":[{"count":23,"href":"https:\/\/viiiconference.ruralforum.org\/fr\/wp-json\/wp\/v2\/pages\/3418\/revisions"}],"predecessor-version":[{"id":4622,"href":"https:\/\/viiiconference.ruralforum.org\/fr\/wp-json\/wp\/v2\/pages\/3418\/revisions\/4622"}],"wp:attachment":[{"href":"https:\/\/viiiconference.ruralforum.org\/fr\/wp-json\/wp\/v2\/media?parent=3418"}],"curies":[{"name":"wp","href":"https:\/\/api.w.org\/{rel}","templated":true}]}}