{"id":3423,"date":"2023-06-22T14:26:43","date_gmt":"2023-06-22T14:26:43","guid":{"rendered":"https:\/\/viiiconference.ruralforum.org\/antecedentes\/"},"modified":"2023-09-18T15:00:43","modified_gmt":"2023-09-18T15:00:43","slug":"contexte","status":"publish","type":"page","link":"https:\/\/viiiconference.ruralforum.org\/fr\/contexte\/","title":{"rendered":"Contexte"},"content":{"rendered":"\t\t<div data-elementor-type=\"wp-page\" data-elementor-id=\"3423\" class=\"elementor elementor-3423 elementor-2209\" data-elementor-settings=\"{&quot;ha_cmc_init_switcher&quot;:&quot;no&quot;}\">\n\t\t\t\t\t\t<section class=\"elementor-section elementor-top-section elementor-element elementor-element-cf7269d elementor-section-boxed elementor-section-height-default elementor-section-height-default\" data-id=\"cf7269d\" data-element_type=\"section\" data-settings=\"{&quot;_ha_eqh_enable&quot;:false}\">\n\t\t\t\t\t\t<div class=\"elementor-container elementor-column-gap-default\">\n\t\t\t\t\t<div class=\"elementor-column elementor-col-100 elementor-top-column elementor-element elementor-element-f6dcce2\" data-id=\"f6dcce2\" data-element_type=\"column\">\n\t\t\t<div class=\"elementor-widget-wrap elementor-element-populated\">\n\t\t\t\t\t\t<div class=\"elementor-element elementor-element-a0d547d elementor-widget elementor-widget-text-editor\" data-id=\"a0d547d\" data-element_type=\"widget\" data-settings=\"{&quot;ekit_we_effect_on&quot;:&quot;none&quot;}\" data-widget_type=\"text-editor.default\">\n\t\t\t\t<div class=\"elementor-widget-container\">\n\t\t\t\t\t\t\t\t\t<p>Depuis sa cr\u00e9ation, le Forum Rural Mondial a organis\u00e9 8 Conf\u00e9rences Mondiales sur l&rsquo;Agriculture Familiale, avec la participation de centaines de repr\u00e9sentants de haut niveau de gouvernements, d&rsquo;organisations internationales, de centres de recherche, d&rsquo;organisations d&rsquo;agriculteurs familiaux, de coop\u00e9ratives et d&rsquo;ONGD des 5 continents.<\/p><p>Les d\u00e9bats suscit\u00e9s ont permis de d\u00e9finir et de souligner les priorit\u00e9s d&rsquo;action en faveur de l&rsquo;agriculture familiale, priorit\u00e9s qui ont constitu\u00e9 un point de r\u00e9f\u00e9rence clair au niveau international.<\/p><p>Une forte exp\u00e9rience qui se retrouve dans cette VIII\u00e8me Conf\u00e9rence Mondiale, qui rassemblera les efforts d&rsquo;acteurs dot\u00e9s d&rsquo;une grande exp\u00e9rience et d&rsquo;une large repr\u00e9sentation pour d\u00e9finir comment l&rsquo;agriculture familiale peut construire un large compromis pour la durabilit\u00e9 de la plan\u00e8te et la r\u00e9duction des in\u00e9galit\u00e9s.<\/p>\t\t\t\t\t\t\t\t<\/div>\n\t\t\t\t<\/div>\n\t\t\t\t\t<\/div>\n\t\t<\/div>\n\t\t\t\t\t<\/div>\n\t\t<\/section>\n\t\t\t\t<section class=\"elementor-section elementor-top-section elementor-element elementor-element-ee487ff contDesliza elementor-section-boxed elementor-section-height-default elementor-section-height-default\" data-id=\"ee487ff\" data-element_type=\"section\" data-settings=\"{&quot;_ha_eqh_enable&quot;:false}\">\n\t\t\t\t\t\t<div class=\"elementor-container elementor-column-gap-default\">\n\t\t\t\t\t<div class=\"elementor-column elementor-col-50 elementor-top-column elementor-element elementor-element-2dfde92\" data-id=\"2dfde92\" data-element_type=\"column\">\n\t\t\t<div class=\"elementor-widget-wrap elementor-element-populated\">\n\t\t\t\t\t\t<div class=\"elementor-element elementor-element-c9356b4 tituloHoverOculto elementor-widget elementor-widget-exhibz-feature\" data-id=\"c9356b4\" data-element_type=\"widget\" data-settings=\"{&quot;ekit_we_effect_on&quot;:&quot;none&quot;}\" data-widget_type=\"exhibz-feature.default\">\n\t\t\t\t<div class=\"elementor-widget-container\">\n\t\t\t\t\t \n    \n    \n\t\n\t\t\t<div class=\"single-intro-text feature-style4\">\n\t\t\t\t\t\t<div class=\"feature-img\">\n\t\t\t\t<img decoding=\"async\" src=\"https:\/\/viiiconference.ruralforum.org\/wp-content\/uploads\/2023\/06\/sistemas-alimentarios.jpg\" alt=\"SYST\u00c8MES ALIMENTAIRES\">\n\t\t\t<\/div>\n\t\t\t<div class=\"feature-content-item\">\n\t\t\t\t<div class=\"feature-content\">\n\t\t\t\t\t<h3 class=\"ts-title\">SYST\u00c8MES ALIMENTAIRES<\/h3>\n\t\t\t\t\t<p>\n\t\t\t\t\t\tFace \u00e0 la crise climatique et \u00e0 la perte sans pr\u00e9c\u00e9dent de biodiversit\u00e9 de notre plan\u00e8te, il est imp\u00e9ratif de transformer les SYST\u00c8MES ALIMENTAIRES pour les rendre plus durables, plus r\u00e9sistants, plus inclusifs et plus viables.\t\t\t\t\t<\/p>\n\t\t\t\t\t<i class=\"fa fa-balance-scale\"><\/i>\n\t\t\t\t<\/div>\n\t\t\t<\/div>\n\t\t<\/div>\n    \n\t \n\n    \n    \t\t\t\t<\/div>\n\t\t\t\t<\/div>\n\t\t\t\t\t<\/div>\n\t\t<\/div>\n\t\t\t\t<div class=\"elementor-column elementor-col-50 elementor-top-column elementor-element elementor-element-cb2b13e\" data-id=\"cb2b13e\" data-element_type=\"column\">\n\t\t\t<div class=\"elementor-widget-wrap elementor-element-populated\">\n\t\t\t\t\t\t<div class=\"elementor-element elementor-element-254976d tituloHoverOculto elementor-widget elementor-widget-exhibz-feature\" data-id=\"254976d\" data-element_type=\"widget\" data-settings=\"{&quot;ekit_we_effect_on&quot;:&quot;none&quot;}\" data-widget_type=\"exhibz-feature.default\">\n\t\t\t\t<div class=\"elementor-widget-container\">\n\t\t\t\t\t \n    \n    \n\t\n\t\t\t<div class=\"single-intro-text feature-style4\">\n\t\t\t\t\t\t<div class=\"feature-img\">\n\t\t\t\t<img decoding=\"async\" src=\"https:\/\/viiiconference.ruralforum.org\/wp-content\/uploads\/2023\/06\/cambio-climatico.jpg\" alt=\"CHANGEMENT CLIMATIQUE\">\n\t\t\t<\/div>\n\t\t\t<div class=\"feature-content-item\">\n\t\t\t\t<div class=\"feature-content\">\n\t\t\t\t\t<h3 class=\"ts-title\">CHANGEMENT CLIMATIQUE<\/h3>\n\t\t\t\t\t<p>\n\t\t\t\t\t\t\u00c0 cette fin, il est n\u00e9cessaire d\u2019impl\u00e9menter des POLITIQUES PUBLIQUES compr\u00e9hensives et innovantes qui permettent aux agriculteurs et agricultrices familiaux de tenir le r\u00f4le principal dans le d\u00e9veloppement des syst\u00e8mes alimentaires, l'in\u00e9galit\u00e9 de la cha\u00eene de valeur et l'att\u00e9nuation du CHANGEMENT CLIMATIQUE, et qui tiennent compte du r\u00f4le multifonctionnel de l'agriculture familiale.\t\t\t\t\t<\/p>\n\t\t\t\t\t<i class=\"fa fa-balance-scale\"><\/i>\n\t\t\t\t<\/div>\n\t\t\t<\/div>\n\t\t<\/div>\n    \n\t \n\n    \n    \t\t\t\t<\/div>\n\t\t\t\t<\/div>\n\t\t\t\t\t<\/div>\n\t\t<\/div>\n\t\t\t\t\t<\/div>\n\t\t<\/section>\n\t\t\t\t<section class=\"elementor-section elementor-top-section elementor-element elementor-element-64e1365 contDesliza elementor-section-boxed elementor-section-height-default elementor-section-height-default\" data-id=\"64e1365\" data-element_type=\"section\" data-settings=\"{&quot;_ha_eqh_enable&quot;:false}\">\n\t\t\t\t\t\t<div class=\"elementor-container elementor-column-gap-default\">\n\t\t\t\t\t<div class=\"elementor-column elementor-col-50 elementor-top-column elementor-element elementor-element-97891f2\" data-id=\"97891f2\" data-element_type=\"column\">\n\t\t\t<div class=\"elementor-widget-wrap elementor-element-populated\">\n\t\t\t\t\t\t<div class=\"elementor-element elementor-element-5c3db87 tituloHoverOculto elementor-widget elementor-widget-exhibz-feature\" data-id=\"5c3db87\" data-element_type=\"widget\" data-settings=\"{&quot;ekit_we_effect_on&quot;:&quot;none&quot;}\" data-widget_type=\"exhibz-feature.default\">\n\t\t\t\t<div class=\"elementor-widget-container\">\n\t\t\t\t\t \n    \n    \n\t\n\t\t\t<div class=\"single-intro-text feature-style4\">\n\t\t\t\t\t\t<div class=\"feature-img\">\n\t\t\t\t<img decoding=\"async\" src=\"https:\/\/viiiconference.ruralforum.org\/wp-content\/uploads\/2023\/06\/nations-1.jpg\" alt=\"D\u00c9CENNIE DES NATIONS UNIES\">\n\t\t\t<\/div>\n\t\t\t<div class=\"feature-content-item\">\n\t\t\t\t<div class=\"feature-content\">\n\t\t\t\t\t<h3 class=\"ts-title\">D\u00c9CENNIE DES NATIONS UNIES<\/h3>\n\t\t\t\t\t<p>\n\t\t\t\t\t\tLa D\u00c9CENNIE DES NATIONS UNIES POUR L'AGRICULTURE FAMILIALE 2019-2028, adopt\u00e9e par l'Assembl\u00e9e G\u00e9n\u00e9rale des Nations Unies le 20 d\u00e9cembre 2017, reconna\u00eet express\u00e9ment l'\u00e9norme contribution de l'agriculture familiale \u00e0 l'Agenda 2030 pour le d\u00e9veloppement durable et comme un \u00e9l\u00e9ment cl\u00e9 pour assurer la s\u00e9curit\u00e9 alimentaire mondiale, \u00e9radiquer la pauvret\u00e9, conserver la biodiversit\u00e9 et parvenir \u00e0 un environnement durable.\t\t\t\t\t<\/p>\n\t\t\t\t\t<i class=\"fa fa-balance-scale\"><\/i>\n\t\t\t\t<\/div>\n\t\t\t<\/div>\n\t\t<\/div>\n    \n\t \n\n    \n    \t\t\t\t<\/div>\n\t\t\t\t<\/div>\n\t\t\t\t\t<\/div>\n\t\t<\/div>\n\t\t\t\t<div class=\"elementor-column elementor-col-50 elementor-top-column elementor-element elementor-element-33c1ee3\" data-id=\"33c1ee3\" data-element_type=\"column\">\n\t\t\t<div class=\"elementor-widget-wrap elementor-element-populated\">\n\t\t\t\t\t\t<div class=\"elementor-element elementor-element-134b8ca tituloHoverOculto elementor-widget elementor-widget-exhibz-feature\" data-id=\"134b8ca\" data-element_type=\"widget\" data-settings=\"{&quot;ekit_we_effect_on&quot;:&quot;none&quot;}\" data-widget_type=\"exhibz-feature.default\">\n\t\t\t\t<div class=\"elementor-widget-container\">\n\t\t\t\t\t \n    \n    \n\t\n\t\t\t<div class=\"single-intro-text feature-style4\">\n\t\t\t\t\t\t<div class=\"feature-img\">\n\t\t\t\t<img decoding=\"async\" src=\"https:\/\/viiiconference.ruralforum.org\/wp-content\/uploads\/2023\/06\/family.jpg\" alt=\"L&#039;AGRICULTURE FAMILIALE\">\n\t\t\t<\/div>\n\t\t\t<div class=\"feature-content-item\">\n\t\t\t\t<div class=\"feature-content\">\n\t\t\t\t\t<h3 class=\"ts-title\">L&#039;AGRICULTURE FAMILIALE<\/h3>\n\t\t\t\t\t<p>\n\t\t\t\t\t\tL'AGRICULTURE FAMILIALE doit diriger la transformation n\u00e9cessaire des syst\u00e8mes alimentaires, mais les agricultrices et agriculteurs n'y parviendront ni tout seuls, ni instantan\u00e9ment.\n\t\t\t\t\t<\/p>\n\t\t\t\t\t<i class=\"fa fa-balance-scale\"><\/i>\n\t\t\t\t<\/div>\n\t\t\t<\/div>\n\t\t<\/div>\n    \n\t \n\n    \n    \t\t\t\t<\/div>\n\t\t\t\t<\/div>\n\t\t\t\t\t<\/div>\n\t\t<\/div>\n\t\t\t\t\t<\/div>\n\t\t<\/section>\n\t\t\t\t<section class=\"elementor-section elementor-top-section elementor-element elementor-element-25d758f elementor-section-boxed elementor-section-height-default elementor-section-height-default\" data-id=\"25d758f\" data-element_type=\"section\" data-settings=\"{&quot;_ha_eqh_enable&quot;:false}\">\n\t\t\t\t\t\t<div class=\"elementor-container elementor-column-gap-default\">\n\t\t\t\t\t<div class=\"elementor-column elementor-col-100 elementor-top-column elementor-element elementor-element-eff963f\" data-id=\"eff963f\" data-element_type=\"column\">\n\t\t\t<div class=\"elementor-widget-wrap elementor-element-populated\">\n\t\t\t\t\t\t<div class=\"elementor-element elementor-element-c1442f3 elementor-widget elementor-widget-exhibz-title\" data-id=\"c1442f3\" data-element_type=\"widget\" data-settings=\"{&quot;ekit_we_effect_on&quot;:&quot;none&quot;}\" data-widget_type=\"exhibz-title.default\">\n\t\t\t\t<div class=\"elementor-widget-container\">\n\t\t\t\t\t\n    <div class=\"title-section-area\">\n        <h2 class=\"section-title\">\n            <span class=\"sub-title\"><\/span>\n\t\t\tLes derni\u00e8res Conf\u00e9rences Mondiales du FRM        <\/h2>\n\t\t                    <span class=\"title-shape\">\n                  <svg xmlns='http:\/\/www.w3.org\/2000\/svg' xmlns:xlink='http:\/\/www.w3.org\/1999\/xlink' width='71px' height='11px'> <path fill-rule='evenodd' d='M59.669,10.710 L49.164,3.306 L39.428,10.681 L29.714,3.322 L20.006,10.682 L10.295,3.322 L1.185,10.228 L-0.010,8.578 L10.295,0.765 L20.006,8.125 L29.714,0.765 L39.428,8.125 L49.122,0.781 L59.680,8.223 L69.858,1.192 L70.982,2.895 L59.669,10.710 Z'\/><\/svg>\n            <\/span>\n                    <\/div><!-- Section title -->\n    \n    \n\n    \t\t\t\t<\/div>\n\t\t\t\t<\/div>\n\t\t\t\t<section class=\"elementor-section elementor-inner-section elementor-element elementor-element-f8a3bdb elementor-section-boxed elementor-section-height-default elementor-section-height-default\" data-id=\"f8a3bdb\" data-element_type=\"section\" data-settings=\"{&quot;_ha_eqh_enable&quot;:&quot;yes&quot;,&quot;_ha_eqh_widget&quot;:[&quot;text-editor&quot;],&quot;_ha_eqh_to&quot;:&quot;widget&quot;,&quot;_ha_eqh_disable_on_tablet&quot;:&quot;no&quot;,&quot;_ha_eqh_disable_on_mobile&quot;:&quot;yes&quot;}\">\n\t\t\t\t\t\t<div class=\"elementor-container elementor-column-gap-default\">\n\t\t\t\t\t<div class=\"elementor-column elementor-col-100 elementor-inner-column elementor-element elementor-element-dd98fb9\" data-id=\"dd98fb9\" data-element_type=\"column\">\n\t\t\t<div class=\"elementor-widget-wrap elementor-element-populated\">\n\t\t\t\t\t\t<div class=\"elementor-element elementor-element-31d1a8f elementor-widget elementor-widget-text-editor\" data-id=\"31d1a8f\" data-element_type=\"widget\" data-settings=\"{&quot;ekit_we_effect_on&quot;:&quot;none&quot;}\" data-widget_type=\"text-editor.default\">\n\t\t\t\t<div class=\"elementor-widget-container\">\n\t\t\t\t\t\t\t\t\t<div id=\"contConferencias\">\n    <a href=\"https:\/\/www.ruralforum.org\/fr\/v-conference\/\" target=\"_blank\">\n        <div class=\"ultimasConferencias\">\n            <p class=\"confAnio\">2015<\/p>\n            <p class=\"confNum\">V\u00e8me Conf\u00e9rence<\/p>\n            <p class=\"confNombre\">CONSTRUISONS LE FUTUR :\n                Agriculture Familiale<\/p>\n        <\/div>\n    <\/a>\n    <a href=\"https:\/\/www.ruralforum.org\/fr\/vi-conference\/\" target=\"_blank\">\n        <div class=\"ultimasConferencias\">\n            <p class=\"confAnio\">2019<\/p>\n            <p class=\"confNum\">VI\u00e8me CONF\u00c9RENCE MONDIALE<\/p>\n            <p class=\"confNombre\">Une D\u00e9cennie pour am\u00e9liorer la vie des agricultrices et agriculteurs familiaux<\/p>\n        <\/div>\n    <\/a>\n    <a href=\"https:\/\/conferencia.ruralforum.org\/fr\/\" target=\"_blank\">\n        <div class=\"ultimasConferencias\">\n            <p class=\"confAnio\">2021<\/p>\n            <p class=\"confNum\">(en ligne)\n            CONF\u00c9RENCE GLOBALE<\/p>\n            <p class=\"confNombre\">Agriculture Familiale au c\u0153ur des syst\u00e8mes alimentaires durables<\/p>\n        <\/div>\n    <\/a>\n<\/div>\t\t\t\t\t\t\t\t<\/div>\n\t\t\t\t<\/div>\n\t\t\t\t\t<\/div>\n\t\t<\/div>\n\t\t\t\t\t<\/div>\n\t\t<\/section>\n\t\t\t\t\t<\/div>\n\t\t<\/div>\n\t\t\t\t\t<\/div>\n\t\t<\/section>\n\t\t\t\t<\/div>\n\t\t","protected":false},"excerpt":{"rendered":"<p>Depuis sa cr\u00e9ation, le Forum Rural Mondial a organis\u00e9 8 Conf\u00e9rences Mondiales sur l&rsquo;Agriculture Familiale, avec la participation de centaines de repr\u00e9sentants de haut niveau de gouvernements, d&rsquo;organisations internationales, de centres de recherche, d&rsquo;organisations d&rsquo;agriculteurs familiaux, de coop\u00e9ratives et d&rsquo;ONGD des 5 continents. Les d\u00e9bats suscit\u00e9s ont permis de d\u00e9finir et de souligner les priorit\u00e9s [&hellip;]<\/p>\n","protected":false},"author":1,"featured_media":0,"parent":0,"menu_order":0,"comment_status":"closed","ping_status":"closed","template":"","meta":{"footnotes":""},"class_list":["post-3423","page","type-page","status-publish","hentry"],"_links":{"self":[{"href":"https:\/\/viiiconference.ruralforum.org\/fr\/wp-json\/wp\/v2\/pages\/3423","targetHints":{"allow":["GET"]}}],"collection":[{"href":"https:\/\/viiiconference.ruralforum.org\/fr\/wp-json\/wp\/v2\/pages"}],"about":[{"href":"https:\/\/viiiconference.ruralforum.org\/fr\/wp-json\/wp\/v2\/types\/page"}],"author":[{"embeddable":true,"href":"https:\/\/viiiconference.ruralforum.org\/fr\/wp-json\/wp\/v2\/users\/1"}],"replies":[{"embeddable":true,"href":"https:\/\/viiiconference.ruralforum.org\/fr\/wp-json\/wp\/v2\/comments?post=3423"}],"version-history":[{"count":22,"href":"https:\/\/viiiconference.ruralforum.org\/fr\/wp-json\/wp\/v2\/pages\/3423\/revisions"}],"predecessor-version":[{"id":4526,"href":"https:\/\/viiiconference.ruralforum.org\/fr\/wp-json\/wp\/v2\/pages\/3423\/revisions\/4526"}],"wp:attachment":[{"href":"https:\/\/viiiconference.ruralforum.org\/fr\/wp-json\/wp\/v2\/media?parent=3423"}],"curies":[{"name":"wp","href":"https:\/\/api.w.org\/{rel}","templated":true}]}}