{"id":3436,"date":"2023-06-22T14:26:18","date_gmt":"2023-06-22T14:26:18","guid":{"rendered":"https:\/\/viiiconference.ruralforum.org\/objetivos\/"},"modified":"2023-09-19T09:57:29","modified_gmt":"2023-09-19T09:57:29","slug":"objectifs","status":"publish","type":"page","link":"https:\/\/viiiconference.ruralforum.org\/fr\/objectifs\/","title":{"rendered":"Objectifs"},"content":{"rendered":"\t\t<div data-elementor-type=\"wp-page\" data-elementor-id=\"3436\" class=\"elementor elementor-3436 elementor-2205\" data-elementor-settings=\"{&quot;ha_cmc_init_switcher&quot;:&quot;no&quot;}\">\n\t\t\t\t\t\t<section class=\"elementor-section elementor-top-section elementor-element elementor-element-815a372 elementor-section-boxed elementor-section-height-default elementor-section-height-default\" data-id=\"815a372\" data-element_type=\"section\" data-settings=\"{&quot;_ha_eqh_enable&quot;:false}\">\n\t\t\t\t\t\t<div class=\"elementor-container elementor-column-gap-default\">\n\t\t\t\t\t<div class=\"elementor-column elementor-col-100 elementor-top-column elementor-element elementor-element-772833e\" data-id=\"772833e\" data-element_type=\"column\">\n\t\t\t<div class=\"elementor-widget-wrap elementor-element-populated\">\n\t\t\t\t\t\t<div class=\"elementor-element elementor-element-582e3d8 elementor-widget elementor-widget-html\" data-id=\"582e3d8\" data-element_type=\"widget\" data-settings=\"{&quot;ekit_we_effect_on&quot;:&quot;none&quot;}\" data-widget_type=\"html.default\">\n\t\t\t\t<div class=\"elementor-widget-container\">\n\t\t\t\t\t<div id=\"objetivos\">\n    <div class=\"objetivo\">\n       <div class=\"objetivo-img\">\n          <img decoding=\"async\" src=\"\/wp-content\/uploads\/2023\/06\/lupa-objetivos.jpg\" alt=\"lupa\" \/>\n       <\/div>\n       <p>Augmenter la reconnaissance du r\u00f4le fondamental de l'agriculture familiale dans la transformation des syst\u00e8mes alimentaires, la durabilit\u00e9 de la plan\u00e8te et la r\u00e9duction des in\u00e9galit\u00e9s.<\/p>\n    <\/div>\n \n    <div class=\"objetivo\">\n       <div class=\"objetivo-img\">\n          <img decoding=\"async\" src=\"\/wp-content\/uploads\/2023\/06\/bombilla-objetivos.jpg\" alt=\"bombilla\" \/>\n       <\/div>\n       <p>Promouvoir une r\u00e9flexion plus globale sur les interventions efficaces et innovantes en faveur de l'agriculture familiale qui renforcent l'interconnexion avec d'autres agendas.<\/p>\n    <\/div>\n \n    <div class=\"objetivo\">\n       <div class=\"objetivo-img\">\n          <img decoding=\"async\" src=\"\/wp-content\/uploads\/2023\/06\/mundo-objetivos.jpg\" alt=\"mundo\" \/>\n       <\/div>\n       <p>Renforcer le r\u00f4le moteur de l'agriculture familiale dans les strat\u00e9gies de lutte contre le changement climatique et de protection de la biodiversit\u00e9.<\/p>\n    <\/div>\n \n    <div class=\"objetivo\">\n       <div class=\"objetivo-img\">\n          <img decoding=\"async\" src=\"\/wp-content\/uploads\/2023\/06\/manos-objetivos.jpg\" alt=\"manos\" \/>\n       <\/div>\n       <p>Promouvoir la r\u00e9flexion et l'engagement en faveur de l'avenir de l'agriculture familiale fond\u00e9 sur l'inclusion des jeunes, l'\u00e9quit\u00e9 entre les genres et l'autonomisation des femmes rurales.<\/p>\n    <\/div>\n \n    <div class=\"objetivo\">\n       <div class=\"objetivo-img\">\n          <img decoding=\"async\" src=\"\/wp-content\/uploads\/2023\/06\/agricultura-objetivos.jpg\" alt=\"agricultura\" \/>\n       <\/div>\n       <p>Promouvoir de nouveaux engagements, collaborations et alliances avec d'autres acteurs.<\/p>\n    <\/div>\n \n    <div class=\"objetivo\">\n       <div class=\"objetivo-img\">\n          <img decoding=\"async\" src=\"\/wp-content\/uploads\/2023\/09\/Hor_FR_Color.jpg\" alt=\"agricultura familiar\" \/>\n       <\/div>\n       <p>Identifier les actions prioritaires de la DNUAF pour la p\u00e9riode 2024-2028.<\/p>\n    <\/div>\n <\/div>\t\t\t\t<\/div>\n\t\t\t\t<\/div>\n\t\t\t\t\t<\/div>\n\t\t<\/div>\n\t\t\t\t\t<\/div>\n\t\t<\/section>\n\t\t\t\t<\/div>\n\t\t","protected":false},"excerpt":{"rendered":"<p>Augmenter la reconnaissance du r\u00f4le fondamental de l&rsquo;agriculture familiale dans la transformation des syst\u00e8mes alimentaires, la durabilit\u00e9 de la plan\u00e8te et la r\u00e9duction des in\u00e9galit\u00e9s. Promouvoir une r\u00e9flexion plus globale sur les interventions efficaces et innovantes en faveur de l&rsquo;agriculture familiale qui renforcent l&rsquo;interconnexion avec d&rsquo;autres agendas. Renforcer le r\u00f4le moteur de l&rsquo;agriculture familiale dans [&hellip;]<\/p>\n","protected":false},"author":1,"featured_media":0,"parent":0,"menu_order":0,"comment_status":"closed","ping_status":"closed","template":"","meta":{"footnotes":""},"class_list":["post-3436","page","type-page","status-publish","hentry"],"_links":{"self":[{"href":"https:\/\/viiiconference.ruralforum.org\/fr\/wp-json\/wp\/v2\/pages\/3436","targetHints":{"allow":["GET"]}}],"collection":[{"href":"https:\/\/viiiconference.ruralforum.org\/fr\/wp-json\/wp\/v2\/pages"}],"about":[{"href":"https:\/\/viiiconference.ruralforum.org\/fr\/wp-json\/wp\/v2\/types\/page"}],"author":[{"embeddable":true,"href":"https:\/\/viiiconference.ruralforum.org\/fr\/wp-json\/wp\/v2\/users\/1"}],"replies":[{"embeddable":true,"href":"https:\/\/viiiconference.ruralforum.org\/fr\/wp-json\/wp\/v2\/comments?post=3436"}],"version-history":[{"count":8,"href":"https:\/\/viiiconference.ruralforum.org\/fr\/wp-json\/wp\/v2\/pages\/3436\/revisions"}],"predecessor-version":[{"id":4592,"href":"https:\/\/viiiconference.ruralforum.org\/fr\/wp-json\/wp\/v2\/pages\/3436\/revisions\/4592"}],"wp:attachment":[{"href":"https:\/\/viiiconference.ruralforum.org\/fr\/wp-json\/wp\/v2\/media?parent=3436"}],"curies":[{"name":"wp","href":"https:\/\/api.w.org\/{rel}","templated":true}]}}