{"id":3440,"date":"2023-06-22T14:26:31","date_gmt":"2023-06-22T14:26:31","guid":{"rendered":"https:\/\/viiiconference.ruralforum.org\/participantes\/"},"modified":"2023-09-06T08:28:49","modified_gmt":"2023-09-06T08:28:49","slug":"participants","status":"publish","type":"page","link":"https:\/\/viiiconference.ruralforum.org\/fr\/participants\/","title":{"rendered":"Participants"},"content":{"rendered":"\t\t<div data-elementor-type=\"wp-page\" data-elementor-id=\"3440\" class=\"elementor elementor-3440 elementor-2207\" data-elementor-settings=\"{&quot;ha_cmc_init_switcher&quot;:&quot;no&quot;}\">\n\t\t\t\t\t\t<section class=\"elementor-section elementor-top-section elementor-element elementor-element-e6b46e0 elementor-section-content-middle elementor-section-boxed elementor-section-height-default elementor-section-height-default\" data-id=\"e6b46e0\" data-element_type=\"section\" data-settings=\"{&quot;_ha_eqh_enable&quot;:false}\">\n\t\t\t\t\t\t<div class=\"elementor-container elementor-column-gap-default\">\n\t\t\t\t\t<div class=\"elementor-column elementor-col-50 elementor-top-column elementor-element elementor-element-201779e\" data-id=\"201779e\" data-element_type=\"column\">\n\t\t\t<div class=\"elementor-widget-wrap elementor-element-populated\">\n\t\t\t\t\t\t<div class=\"elementor-element elementor-element-9dea790 elementor-widget elementor-widget-text-editor\" data-id=\"9dea790\" data-element_type=\"widget\" data-settings=\"{&quot;ekit_we_effect_on&quot;:&quot;none&quot;}\" data-widget_type=\"text-editor.default\">\n\t\t\t\t<div class=\"elementor-widget-container\">\n\t\t\t\t\t\t\t\t\t<p class=\"pParticipantes\">La r\u00e9union rassemblera des repr\u00e9sentants de diff\u00e9rents gouvernements, d&rsquo;organisations agricoles, d&rsquo;organismes internationaux (tels que la FAO et le FIDA), de Comit\u00e9s Nationaux pour l&rsquo;Agriculture Familiale, d&rsquo;associations de d\u00e9veloppement rural, d&rsquo;ONG, de coop\u00e9ratives et de centres de recherche des cinq continents.<\/p>\t\t\t\t\t\t\t\t<\/div>\n\t\t\t\t<\/div>\n\t\t\t\t\t<\/div>\n\t\t<\/div>\n\t\t\t\t<div class=\"elementor-column elementor-col-50 elementor-top-column elementor-element elementor-element-57c2fff\" data-id=\"57c2fff\" data-element_type=\"column\">\n\t\t\t<div class=\"elementor-widget-wrap elementor-element-populated\">\n\t\t\t\t\t\t<div class=\"elementor-element elementor-element-1bd716a elementor-widget elementor-widget-image\" data-id=\"1bd716a\" data-element_type=\"widget\" data-settings=\"{&quot;ekit_we_effect_on&quot;:&quot;none&quot;}\" data-widget_type=\"image.default\">\n\t\t\t\t<div class=\"elementor-widget-container\">\n\t\t\t\t\t\t\t\t\t\t\t\t\t\t\t<img fetchpriority=\"high\" decoding=\"async\" width=\"800\" height=\"533\" src=\"https:\/\/viiiconference.ruralforum.org\/wp-content\/uploads\/2023\/06\/farmers.jpg\" class=\"attachment-large size-large wp-image-3441\" alt=\"\" srcset=\"https:\/\/viiiconference.ruralforum.org\/wp-content\/uploads\/2023\/06\/farmers.jpg 800w, https:\/\/viiiconference.ruralforum.org\/wp-content\/uploads\/2023\/06\/farmers-768x512.jpg 768w\" sizes=\"(max-width: 800px) 100vw, 800px\" \/>\t\t\t\t\t\t\t\t\t\t\t\t\t\t\t<\/div>\n\t\t\t\t<\/div>\n\t\t\t\t\t<\/div>\n\t\t<\/div>\n\t\t\t\t\t<\/div>\n\t\t<\/section>\n\t\t\t\t<\/div>\n\t\t","protected":false},"excerpt":{"rendered":"<p>La r\u00e9union rassemblera des repr\u00e9sentants de diff\u00e9rents gouvernements, d&rsquo;organisations agricoles, d&rsquo;organismes internationaux (tels que la FAO et le FIDA), de Comit\u00e9s Nationaux pour l&rsquo;Agriculture Familiale, d&rsquo;associations de d\u00e9veloppement rural, d&rsquo;ONG, de coop\u00e9ratives et de centres de recherche des cinq continents.<\/p>\n","protected":false},"author":1,"featured_media":0,"parent":0,"menu_order":0,"comment_status":"closed","ping_status":"closed","template":"","meta":{"footnotes":""},"class_list":["post-3440","page","type-page","status-publish","hentry"],"_links":{"self":[{"href":"https:\/\/viiiconference.ruralforum.org\/fr\/wp-json\/wp\/v2\/pages\/3440","targetHints":{"allow":["GET"]}}],"collection":[{"href":"https:\/\/viiiconference.ruralforum.org\/fr\/wp-json\/wp\/v2\/pages"}],"about":[{"href":"https:\/\/viiiconference.ruralforum.org\/fr\/wp-json\/wp\/v2\/types\/page"}],"author":[{"embeddable":true,"href":"https:\/\/viiiconference.ruralforum.org\/fr\/wp-json\/wp\/v2\/users\/1"}],"replies":[{"embeddable":true,"href":"https:\/\/viiiconference.ruralforum.org\/fr\/wp-json\/wp\/v2\/comments?post=3440"}],"version-history":[{"count":5,"href":"https:\/\/viiiconference.ruralforum.org\/fr\/wp-json\/wp\/v2\/pages\/3440\/revisions"}],"predecessor-version":[{"id":4196,"href":"https:\/\/viiiconference.ruralforum.org\/fr\/wp-json\/wp\/v2\/pages\/3440\/revisions\/4196"}],"wp:attachment":[{"href":"https:\/\/viiiconference.ruralforum.org\/fr\/wp-json\/wp\/v2\/media?parent=3440"}],"curies":[{"name":"wp","href":"https:\/\/api.w.org\/{rel}","templated":true}]}}