{"id":3448,"date":"2023-06-22T14:33:34","date_gmt":"2023-06-22T14:33:34","guid":{"rendered":"https:\/\/viiiconference.ruralforum.org\/contenidos\/"},"modified":"2023-09-19T10:30:29","modified_gmt":"2023-09-19T10:30:29","slug":"methodologie","status":"publish","type":"page","link":"https:\/\/viiiconference.ruralforum.org\/fr\/methodologie\/","title":{"rendered":"M\u00e9thodologie"},"content":{"rendered":"\t\t<div data-elementor-type=\"wp-page\" data-elementor-id=\"3448\" class=\"elementor elementor-3448 elementor-2231\" data-elementor-settings=\"{&quot;ha_cmc_init_switcher&quot;:&quot;no&quot;}\">\n\t\t\t\t\t\t<section class=\"elementor-section elementor-top-section elementor-element elementor-element-8f07d3e elementor-section-boxed elementor-section-height-default elementor-section-height-default\" data-id=\"8f07d3e\" data-element_type=\"section\" data-e-type=\"section\" data-settings=\"{&quot;_ha_eqh_enable&quot;:false}\">\n\t\t\t\t\t\t<div class=\"elementor-container elementor-column-gap-default\">\n\t\t\t\t\t<div class=\"elementor-column elementor-col-100 elementor-top-column elementor-element elementor-element-9c9e896\" data-id=\"9c9e896\" data-element_type=\"column\" data-e-type=\"column\">\n\t\t\t<div class=\"elementor-widget-wrap elementor-element-populated\">\n\t\t\t\t\t\t<div class=\"elementor-element elementor-element-4df0dec elementor-widget elementor-widget-text-editor\" data-id=\"4df0dec\" data-element_type=\"widget\" data-e-type=\"widget\" data-settings=\"{&quot;ekit_we_effect_on&quot;:&quot;none&quot;}\" data-widget_type=\"text-editor.default\">\n\t\t\t\t<div class=\"elementor-widget-container\">\n\t\t\t\t\t\t\t\t\t<p class=\"\">La Conf\u00e9rence souhaite tout particuli\u00e8rement souligner le r\u00f4le des jeunes et des femmes dans l&rsquo;agriculture familiale \u00e0 travers l&rsquo;initiative \u00ab\u00a0Les jeunes \u00e0 la t\u00eate de la Conf\u00e9rence\u00a0\u00bb (20 mars) et \u00ab\u00a0Les femmes \u00e0 la t\u00eate de la Conf\u00e9rence\u00a0\u00bb (21 mars), o\u00f9 ils d\u00e9buteront la journ\u00e9e en pr\u00e9sentant leurs propositions et pr\u00e9sideront les diff\u00e9rents panels et \u00e9v\u00e9nements au cours de la journ\u00e9e.<\/p>\n<p class=\"\">L&rsquo;interpr\u00e9tation simultan\u00e9e sera fournie en anglais, en fran\u00e7ais et en espagnol. Toutes les sessions seront enregistr\u00e9es afin de pouvoir \u00eatre consult\u00e9es ult\u00e9rieurement.<\/p>\t\t\t\t\t\t\t\t<\/div>\n\t\t\t\t<\/div>\n\t\t\t\t\t<\/div>\n\t\t<\/div>\n\t\t\t\t\t<\/div>\n\t\t<\/section>\n\t\t\t\t<section class=\"elementor-section elementor-top-section elementor-element elementor-element-a363ebd contDesliza2 elementor-section-boxed elementor-section-height-default elementor-section-height-default\" data-id=\"a363ebd\" data-element_type=\"section\" data-e-type=\"section\" data-settings=\"{&quot;_ha_eqh_enable&quot;:false}\">\n\t\t\t\t\t\t<div class=\"elementor-container elementor-column-gap-default\">\n\t\t\t\t\t<div class=\"elementor-column elementor-col-50 elementor-top-column elementor-element elementor-element-b9ddfee\" data-id=\"b9ddfee\" data-element_type=\"column\" data-e-type=\"column\">\n\t\t\t<div class=\"elementor-widget-wrap elementor-element-populated\">\n\t\t\t\t\t\t<div class=\"elementor-element elementor-element-15c0e2e noIcon elementor-widget elementor-widget-exhibz-feature\" data-id=\"15c0e2e\" data-element_type=\"widget\" data-e-type=\"widget\" data-settings=\"{&quot;ekit_we_effect_on&quot;:&quot;none&quot;}\" data-widget_type=\"exhibz-feature.default\">\n\t\t\t\t<div class=\"elementor-widget-container\">\n\t\t\t\t\t \n    \n    \n\t\n\t\t\t<div class=\"single-intro-text feature-style4\">\n\t\t\t\t\t\t<div class=\"feature-img\">\n\t\t\t\t<img decoding=\"async\" src=\"https:\/\/viiiconference.ruralforum.org\/wp-content\/uploads\/2023\/06\/sostenible-1.jpg\" alt=\"Une D\u00e9claration Finale\">\n\t\t\t<\/div>\n\t\t\t<div class=\"feature-content-item\">\n\t\t\t\t<div class=\"feature-content\">\n\t\t\t\t\t<h3 class=\"ts-title\">Une D\u00e9claration Finale<\/h3>\n\t\t\t\t\t<p>\n\t\t\t\t\t\tAvec des engagements concrets des divers acteurs pr\u00e9sents pour placer l'agriculture familiale dans le cadre de la durabilit\u00e9 de la plan\u00e8te.\t\t\t\t\t<\/p>\n\t\t\t\t\t<i class=\"fa fa-ambulance\"><\/i>\n\t\t\t\t<\/div>\n\t\t\t<\/div>\n\t\t<\/div>\n    \n\t \n\n    \n    \t\t\t\t<\/div>\n\t\t\t\t<\/div>\n\t\t\t\t\t<\/div>\n\t\t<\/div>\n\t\t\t\t<div class=\"elementor-column elementor-col-50 elementor-top-column elementor-element elementor-element-dbe2f3c\" data-id=\"dbe2f3c\" data-element_type=\"column\" data-e-type=\"column\">\n\t\t\t<div class=\"elementor-widget-wrap elementor-element-populated\">\n\t\t\t\t\t\t<div class=\"elementor-element elementor-element-8e39d91 noIcon elementor-widget elementor-widget-exhibz-feature\" data-id=\"8e39d91\" data-element_type=\"widget\" data-e-type=\"widget\" data-settings=\"{&quot;ekit_we_effect_on&quot;:&quot;none&quot;}\" data-widget_type=\"exhibz-feature.default\">\n\t\t\t\t<div class=\"elementor-widget-container\">\n\t\t\t\t\t \n    \n    \n\t\n\t\t\t<div class=\"single-intro-text feature-style4\">\n\t\t\t\t\t\t<div class=\"feature-img\">\n\t\t\t\t<img decoding=\"async\" src=\"https:\/\/viiiconference.ruralforum.org\/wp-content\/uploads\/2023\/06\/sesiones.jpg\" alt=\"Sessions coorganis\u00e9es\">\n\t\t\t<\/div>\n\t\t\t<div class=\"feature-content-item\">\n\t\t\t\t<div class=\"feature-content\">\n\t\t\t\t\t<h3 class=\"ts-title\">Sessions coorganis\u00e9es<\/h3>\n\t\t\t\t\t<p>\n\t\t\t\t\t\t- En collaboration avec des organisations internationales et des entit\u00e9s collaboratrices.<br>\n- Pr\u00e9sentations, tables rondes, \u00e9v\u00e9nements sp\u00e9ciaux, etc.<br>\n- Dialogue entre des repr\u00e9sentants au prestige international reconnu, issus de diff\u00e9rents secteurs et continents.\t\t\t\t\t<\/p>\n\t\t\t\t\t<i class=\"fa fa-address-card\"><\/i>\n\t\t\t\t<\/div>\n\t\t\t<\/div>\n\t\t<\/div>\n    \n\t \n\n    \n    \t\t\t\t<\/div>\n\t\t\t\t<\/div>\n\t\t\t\t\t<\/div>\n\t\t<\/div>\n\t\t\t\t\t<\/div>\n\t\t<\/section>\n\t\t\t\t<section class=\"elementor-section elementor-top-section elementor-element elementor-element-4268874 elementor-section-boxed elementor-section-height-default elementor-section-height-default\" data-id=\"4268874\" data-element_type=\"section\" data-e-type=\"section\" data-settings=\"{&quot;_ha_eqh_enable&quot;:false}\">\n\t\t\t\t\t\t<div class=\"elementor-container elementor-column-gap-default\">\n\t\t\t\t\t<div class=\"elementor-column elementor-col-100 elementor-top-column elementor-element elementor-element-a456e53\" data-id=\"a456e53\" data-element_type=\"column\" data-e-type=\"column\">\n\t\t\t<div class=\"elementor-widget-wrap\">\n\t\t\t\t\t\t\t<\/div>\n\t\t<\/div>\n\t\t\t\t\t<\/div>\n\t\t<\/section>\n\t\t\t\t<section class=\"elementor-section elementor-top-section elementor-element elementor-element-df7a050 elementor-section-boxed elementor-section-height-default elementor-section-height-default\" data-id=\"df7a050\" data-element_type=\"section\" data-e-type=\"section\" data-settings=\"{&quot;_ha_eqh_enable&quot;:false}\">\n\t\t\t\t\t\t<div class=\"elementor-container elementor-column-gap-default\">\n\t\t\t\t\t<div class=\"elementor-column elementor-col-100 elementor-top-column elementor-element elementor-element-9e8a2ae\" data-id=\"9e8a2ae\" data-element_type=\"column\" data-e-type=\"column\">\n\t\t\t<div class=\"elementor-widget-wrap elementor-element-populated\">\n\t\t\t\t\t\t<div class=\"elementor-element elementor-element-88982db elementor-widget elementor-widget-image\" data-id=\"88982db\" data-element_type=\"widget\" data-e-type=\"widget\" id=\"diagrmaContenido\" data-settings=\"{&quot;ekit_we_effect_on&quot;:&quot;none&quot;}\" data-widget_type=\"image.default\">\n\t\t\t\t<div class=\"elementor-widget-container\">\n\t\t\t\t\t\t\t\t\t\t\t\t\t\t\t<img fetchpriority=\"high\" decoding=\"async\" width=\"1920\" height=\"1440\" src=\"https:\/\/viiiconference.ruralforum.org\/wp-content\/uploads\/2023\/09\/diagrama-objetivos-fr.jpeg\" class=\"attachment-large size-large wp-image-4233\" alt=\"\" srcset=\"https:\/\/viiiconference.ruralforum.org\/wp-content\/uploads\/2023\/09\/diagrama-objetivos-fr.jpeg 1920w, https:\/\/viiiconference.ruralforum.org\/wp-content\/uploads\/2023\/09\/diagrama-objetivos-fr-768x576.jpeg 768w, https:\/\/viiiconference.ruralforum.org\/wp-content\/uploads\/2023\/09\/diagrama-objetivos-fr-1536x1152.jpeg 1536w\" sizes=\"(max-width: 1920px) 100vw, 1920px\" \/>\t\t\t\t\t\t\t\t\t\t\t\t\t\t\t<\/div>\n\t\t\t\t<\/div>\n\t\t\t\t\t<\/div>\n\t\t<\/div>\n\t\t\t\t\t<\/div>\n\t\t<\/section>\n\t\t\t\t<section class=\"elementor-section elementor-top-section elementor-element elementor-element-cba883c elementor-section-boxed elementor-section-height-default elementor-section-height-default\" data-id=\"cba883c\" data-element_type=\"section\" data-e-type=\"section\" data-settings=\"{&quot;_ha_eqh_enable&quot;:false}\">\n\t\t\t\t\t\t<div class=\"elementor-container elementor-column-gap-default\">\n\t\t\t\t\t<div class=\"elementor-column elementor-col-100 elementor-top-column elementor-element elementor-element-a7ea96c\" data-id=\"a7ea96c\" data-element_type=\"column\" data-e-type=\"column\">\n\t\t\t<div class=\"elementor-widget-wrap\">\n\t\t\t\t\t\t\t<\/div>\n\t\t<\/div>\n\t\t\t\t\t<\/div>\n\t\t<\/section>\n\t\t\t\t<\/div>\n\t\t","protected":false},"excerpt":{"rendered":"<p>La Conf\u00e9rence souhaite tout particuli\u00e8rement souligner le r\u00f4le des jeunes et des femmes dans l&rsquo;agriculture familiale \u00e0 travers l&rsquo;initiative \u00ab\u00a0Les jeunes \u00e0 la t\u00eate de la Conf\u00e9rence\u00a0\u00bb (20 mars) et \u00ab\u00a0Les femmes \u00e0 la t\u00eate de la Conf\u00e9rence\u00a0\u00bb (21 mars), o\u00f9 ils d\u00e9buteront la journ\u00e9e en pr\u00e9sentant leurs propositions et pr\u00e9sideront les diff\u00e9rents panels et [&hellip;]<\/p>\n","protected":false},"author":1,"featured_media":0,"parent":0,"menu_order":0,"comment_status":"closed","ping_status":"closed","template":"","meta":{"footnotes":""},"class_list":["post-3448","page","type-page","status-publish","hentry"],"_links":{"self":[{"href":"https:\/\/viiiconference.ruralforum.org\/fr\/wp-json\/wp\/v2\/pages\/3448","targetHints":{"allow":["GET"]}}],"collection":[{"href":"https:\/\/viiiconference.ruralforum.org\/fr\/wp-json\/wp\/v2\/pages"}],"about":[{"href":"https:\/\/viiiconference.ruralforum.org\/fr\/wp-json\/wp\/v2\/types\/page"}],"author":[{"embeddable":true,"href":"https:\/\/viiiconference.ruralforum.org\/fr\/wp-json\/wp\/v2\/users\/1"}],"replies":[{"embeddable":true,"href":"https:\/\/viiiconference.ruralforum.org\/fr\/wp-json\/wp\/v2\/comments?post=3448"}],"version-history":[{"count":18,"href":"https:\/\/viiiconference.ruralforum.org\/fr\/wp-json\/wp\/v2\/pages\/3448\/revisions"}],"predecessor-version":[{"id":4609,"href":"https:\/\/viiiconference.ruralforum.org\/fr\/wp-json\/wp\/v2\/pages\/3448\/revisions\/4609"}],"wp:attachment":[{"href":"https:\/\/viiiconference.ruralforum.org\/fr\/wp-json\/wp\/v2\/media?parent=3448"}],"curies":[{"name":"wp","href":"https:\/\/api.w.org\/{rel}","templated":true}]}}