{"id":7624,"date":"2024-04-02T07:25:54","date_gmt":"2024-04-02T07:25:54","guid":{"rendered":"https:\/\/viiiconference.ruralforum.org\/recursos\/"},"modified":"2025-01-13T13:21:31","modified_gmt":"2025-01-13T13:21:31","slug":"ressources","status":"publish","type":"page","link":"https:\/\/viiiconference.ruralforum.org\/fr\/ressources\/","title":{"rendered":"Ressources"},"content":{"rendered":"\t\t<div data-elementor-type=\"wp-page\" data-elementor-id=\"7624\" class=\"elementor elementor-7624 elementor-7533\" data-elementor-settings=\"{&quot;ha_cmc_init_switcher&quot;:&quot;no&quot;}\">\n\t\t\t\t\t\t<section class=\"elementor-section elementor-top-section elementor-element elementor-element-5256ac2 elementor-section-boxed elementor-section-height-default elementor-section-height-default\" data-id=\"5256ac2\" data-element_type=\"section\" data-settings=\"{&quot;_ha_eqh_enable&quot;:false}\">\n\t\t\t\t\t\t<div class=\"elementor-container elementor-column-gap-default\">\n\t\t\t\t\t<div class=\"elementor-column elementor-col-100 elementor-top-column elementor-element elementor-element-d49267e\" data-id=\"d49267e\" data-element_type=\"column\">\n\t\t\t<div class=\"elementor-widget-wrap elementor-element-populated\">\n\t\t\t\t\t\t<div class=\"elementor-element elementor-element-bc68880 elementor-widget elementor-widget-exhibz-title\" data-id=\"bc68880\" data-element_type=\"widget\" data-settings=\"{&quot;ekit_we_effect_on&quot;:&quot;none&quot;}\" data-widget_type=\"exhibz-title.default\">\n\t\t\t\t<div class=\"elementor-widget-container\">\n\t\t\t\t\t\n    <div class=\"title-section-area\">\n        <h2 class=\"section-title\">\n            <span class=\"sub-title\"><\/span>\n\t\t\tDocuments        <\/h2>\n\t\t                    <span class=\"title-shape\">\n                  <svg xmlns='http:\/\/www.w3.org\/2000\/svg' xmlns:xlink='http:\/\/www.w3.org\/1999\/xlink' width='71px' height='11px'> <path fill-rule='evenodd' d='M59.669,10.710 L49.164,3.306 L39.428,10.681 L29.714,3.322 L20.006,10.682 L10.295,3.322 L1.185,10.228 L-0.010,8.578 L10.295,0.765 L20.006,8.125 L29.714,0.765 L39.428,8.125 L49.122,0.781 L59.680,8.223 L69.858,1.192 L70.982,2.895 L59.669,10.710 Z'\/><\/svg>\n            <\/span>\n                    <\/div><!-- Section title -->\n    \n    \n\n    \t\t\t\t<\/div>\n\t\t\t\t<\/div>\n\t\t\t\t\t<\/div>\n\t\t<\/div>\n\t\t\t\t\t<\/div>\n\t\t<\/section>\n\t\t\t\t<section class=\"elementor-section elementor-top-section elementor-element elementor-element-fba2df0 elementor-section-boxed elementor-section-height-default elementor-section-height-default\" data-id=\"fba2df0\" data-element_type=\"section\" data-settings=\"{&quot;_ha_eqh_enable&quot;:false}\">\n\t\t\t\t\t\t<div class=\"elementor-container elementor-column-gap-default\">\n\t\t\t\t\t<div class=\"elementor-column elementor-col-100 elementor-top-column elementor-element elementor-element-e72f58b\" data-id=\"e72f58b\" data-element_type=\"column\">\n\t\t\t<div class=\"elementor-widget-wrap elementor-element-populated\">\n\t\t\t\t\t\t<div class=\"elementor-element elementor-element-29f0691 elementor-widget elementor-widget-html\" data-id=\"29f0691\" data-element_type=\"widget\" data-settings=\"{&quot;ekit_we_effect_on&quot;:&quot;none&quot;}\" data-widget_type=\"html.default\">\n\t\t\t\t<div class=\"elementor-widget-container\">\n\t\t\t\t\t<div id=\"contConferencias\" class=\"contConf4\">\n    <a href=\"https:\/\/www.ruralforum.org\/wp-content\/uploads\/2024\/03\/Declaration-finale-VIII-Conf-Globale_AF.pdf\" class=\"ultimasConferencias\" target=\"_blank\">\n        <img decoding=\"async\" src=\"https:\/\/viiiconference.ruralforum.org\/wp-content\/uploads\/2024\/04\/download-pdf.png\" \/>\n        <p class=\"confNum\">D\u00e9claration finale<\/p>\n    <\/a>\n    <a href=\"https:\/\/www.ruralforum.org\/wp-content\/uploads\/2024\/03\/lettre-de-soutien-Journee-Internationale-Jeunes-Agriculteurs.pdf\" class=\"ultimasConferencias\" target=\"_blank\">\n        <img decoding=\"async\" src=\"https:\/\/viiiconference.ruralforum.org\/wp-content\/uploads\/2024\/04\/download-pdf.png\" \/>\n        <p class=\"confNum\">Lettre de soutien pour la journ\u00e9e des jeunes<\/p>\n    <\/a>\n    <a href=\"https:\/\/www.vatican.va\/content\/francesco\/en\/messages\/pont-messages\/2024\/documents\/20240212-messaggio-foro-rural.html\" class=\"ultimasConferencias\" target=\"_blank\">\n        <img decoding=\"async\" src=\"https:\/\/viiiconference.ruralforum.org\/wp-content\/uploads\/2024\/04\/web.png\" \/>\n        <p class=\"confNum\">Message du Pape<\/p>\n    <\/a>\n    <a href=\"https:\/\/viiiconference.ruralforum.org\/wp-content\/uploads\/2025\/01\/VIIIConfMondiale_CONCLUSIONS.pdf\" class=\"ultimasConferencias\" target=\"_blank\">\n        <img decoding=\"async\" src=\"https:\/\/viiiconference.ruralforum.org\/wp-content\/uploads\/2024\/04\/download-pdf.png\" \/>\n        <p class=\"confNum\">Conclusions<\/p>\n    <\/a>\n<\/div>\t\t\t\t<\/div>\n\t\t\t\t<\/div>\n\t\t\t\t\t<\/div>\n\t\t<\/div>\n\t\t\t\t\t<\/div>\n\t\t<\/section>\n\t\t\t\t<section class=\"elementor-section elementor-top-section elementor-element elementor-element-9a96b37 elementor-section-boxed elementor-section-height-default elementor-section-height-default\" data-id=\"9a96b37\" data-element_type=\"section\" data-settings=\"{&quot;_ha_eqh_enable&quot;:false}\">\n\t\t\t\t\t\t<div class=\"elementor-container elementor-column-gap-wider\">\n\t\t\t\t\t<div class=\"elementor-column elementor-col-50 elementor-top-column elementor-element elementor-element-5936283\" data-id=\"5936283\" data-element_type=\"column\">\n\t\t\t<div class=\"elementor-widget-wrap elementor-element-populated\">\n\t\t\t\t\t\t<div class=\"elementor-element elementor-element-c304a3b elementor-widget elementor-widget-exhibz-title\" data-id=\"c304a3b\" data-element_type=\"widget\" data-settings=\"{&quot;ekit_we_effect_on&quot;:&quot;none&quot;}\" data-widget_type=\"exhibz-title.default\">\n\t\t\t\t<div class=\"elementor-widget-container\">\n\t\t\t\t\t\n    <div class=\"title-section-area\">\n        <h2 class=\"section-title\">\n            <span class=\"sub-title\"><\/span>\n\t\t\tPhotos        <\/h2>\n\t\t                    <span class=\"title-shape\">\n                  <svg xmlns='http:\/\/www.w3.org\/2000\/svg' xmlns:xlink='http:\/\/www.w3.org\/1999\/xlink' width='71px' height='11px'> <path fill-rule='evenodd' d='M59.669,10.710 L49.164,3.306 L39.428,10.681 L29.714,3.322 L20.006,10.682 L10.295,3.322 L1.185,10.228 L-0.010,8.578 L10.295,0.765 L20.006,8.125 L29.714,0.765 L39.428,8.125 L49.122,0.781 L59.680,8.223 L69.858,1.192 L70.982,2.895 L59.669,10.710 Z'\/><\/svg>\n            <\/span>\n                    <\/div><!-- Section title -->\n    \n    \n\n    \t\t\t\t<\/div>\n\t\t\t\t<\/div>\n\t\t\t\t<div class=\"elementor-element elementor-element-9f3dd05 elementor-widget elementor-widget-image\" data-id=\"9f3dd05\" data-element_type=\"widget\" data-settings=\"{&quot;ekit_we_effect_on&quot;:&quot;none&quot;}\" data-widget_type=\"image.default\">\n\t\t\t\t<div class=\"elementor-widget-container\">\n\t\t\t\t\t\t\t\t\t\t\t\t\t\t\t\t<a href=\"https:\/\/viiiconference.ruralforum.org\/fr\/photos\/\">\n\t\t\t\t\t\t\t<img fetchpriority=\"high\" decoding=\"async\" width=\"785\" height=\"523\" src=\"https:\/\/viiiconference.ruralforum.org\/wp-content\/uploads\/2024\/04\/photo-anchor-2-2.jpg\" class=\"attachment-large size-large wp-image-7604\" alt=\"\" srcset=\"https:\/\/viiiconference.ruralforum.org\/wp-content\/uploads\/2024\/04\/photo-anchor-2-2.jpg 785w, https:\/\/viiiconference.ruralforum.org\/wp-content\/uploads\/2024\/04\/photo-anchor-2-2-768x512.jpg 768w\" sizes=\"(max-width: 785px) 100vw, 785px\" \/>\t\t\t\t\t\t\t\t<\/a>\n\t\t\t\t\t\t\t\t\t\t\t\t\t\t\t<\/div>\n\t\t\t\t<\/div>\n\t\t\t\t\t<\/div>\n\t\t<\/div>\n\t\t\t\t<div class=\"elementor-column elementor-col-50 elementor-top-column elementor-element elementor-element-1b8b70c\" data-id=\"1b8b70c\" data-element_type=\"column\">\n\t\t\t<div class=\"elementor-widget-wrap elementor-element-populated\">\n\t\t\t\t\t\t<div class=\"elementor-element elementor-element-68cd488 elementor-widget elementor-widget-exhibz-title\" data-id=\"68cd488\" data-element_type=\"widget\" data-settings=\"{&quot;ekit_we_effect_on&quot;:&quot;none&quot;}\" data-widget_type=\"exhibz-title.default\">\n\t\t\t\t<div class=\"elementor-widget-container\">\n\t\t\t\t\t\n    <div class=\"title-section-area\">\n        <h2 class=\"section-title\">\n            <span class=\"sub-title\"><\/span>\n\t\t\tVid\u00e9os        <\/h2>\n\t\t                    <span class=\"title-shape\">\n                  <svg xmlns='http:\/\/www.w3.org\/2000\/svg' xmlns:xlink='http:\/\/www.w3.org\/1999\/xlink' width='71px' height='11px'> <path fill-rule='evenodd' d='M59.669,10.710 L49.164,3.306 L39.428,10.681 L29.714,3.322 L20.006,10.682 L10.295,3.322 L1.185,10.228 L-0.010,8.578 L10.295,0.765 L20.006,8.125 L29.714,0.765 L39.428,8.125 L49.122,0.781 L59.680,8.223 L69.858,1.192 L70.982,2.895 L59.669,10.710 Z'\/><\/svg>\n            <\/span>\n                    <\/div><!-- Section title -->\n    \n    \n\n    \t\t\t\t<\/div>\n\t\t\t\t<\/div>\n\t\t\t\t<div class=\"elementor-element elementor-element-bfe96e0 elementor-widget elementor-widget-image\" data-id=\"bfe96e0\" data-element_type=\"widget\" data-settings=\"{&quot;ekit_we_effect_on&quot;:&quot;none&quot;}\" data-widget_type=\"image.default\">\n\t\t\t\t<div class=\"elementor-widget-container\">\n\t\t\t\t\t\t\t\t\t\t\t\t\t\t\t\t<a href=\"https:\/\/viiiconference.ruralforum.org\/fr\/videos\/\">\n\t\t\t\t\t\t\t<img decoding=\"async\" width=\"785\" height=\"523\" src=\"https:\/\/viiiconference.ruralforum.org\/wp-content\/uploads\/2024\/04\/video-anchor-1.jpg\" class=\"attachment-large size-large wp-image-7611\" alt=\"\" srcset=\"https:\/\/viiiconference.ruralforum.org\/wp-content\/uploads\/2024\/04\/video-anchor-1.jpg 785w, https:\/\/viiiconference.ruralforum.org\/wp-content\/uploads\/2024\/04\/video-anchor-1-768x512.jpg 768w\" sizes=\"(max-width: 785px) 100vw, 785px\" \/>\t\t\t\t\t\t\t\t<\/a>\n\t\t\t\t\t\t\t\t\t\t\t\t\t\t\t<\/div>\n\t\t\t\t<\/div>\n\t\t\t\t\t<\/div>\n\t\t<\/div>\n\t\t\t\t\t<\/div>\n\t\t<\/section>\n\t\t\t\t<\/div>\n\t\t","protected":false},"excerpt":{"rendered":"<p>Documents D\u00e9claration finale Lettre de soutien pour la journ\u00e9e des jeunes Message du Pape Conclusions Photos Vid\u00e9os<\/p>\n","protected":false},"author":1,"featured_media":0,"parent":0,"menu_order":0,"comment_status":"closed","ping_status":"closed","template":"","meta":{"footnotes":""},"class_list":["post-7624","page","type-page","status-publish","hentry"],"_links":{"self":[{"href":"https:\/\/viiiconference.ruralforum.org\/fr\/wp-json\/wp\/v2\/pages\/7624","targetHints":{"allow":["GET"]}}],"collection":[{"href":"https:\/\/viiiconference.ruralforum.org\/fr\/wp-json\/wp\/v2\/pages"}],"about":[{"href":"https:\/\/viiiconference.ruralforum.org\/fr\/wp-json\/wp\/v2\/types\/page"}],"author":[{"embeddable":true,"href":"https:\/\/viiiconference.ruralforum.org\/fr\/wp-json\/wp\/v2\/users\/1"}],"replies":[{"embeddable":true,"href":"https:\/\/viiiconference.ruralforum.org\/fr\/wp-json\/wp\/v2\/comments?post=7624"}],"version-history":[{"count":10,"href":"https:\/\/viiiconference.ruralforum.org\/fr\/wp-json\/wp\/v2\/pages\/7624\/revisions"}],"predecessor-version":[{"id":7870,"href":"https:\/\/viiiconference.ruralforum.org\/fr\/wp-json\/wp\/v2\/pages\/7624\/revisions\/7870"}],"wp:attachment":[{"href":"https:\/\/viiiconference.ruralforum.org\/fr\/wp-json\/wp\/v2\/media?parent=7624"}],"curies":[{"name":"wp","href":"https:\/\/api.w.org\/{rel}","templated":true}]}}